{"id":4930,"date":"2026-04-09T11:35:06","date_gmt":"2026-04-09T16:35:06","guid":{"rendered":"https:\/\/asemtur.com.co\/?page_id=4930"},"modified":"2026-04-09T12:02:41","modified_gmt":"2026-04-09T17:02:41","slug":"representatividad-y-desarrollo-regional","status":"publish","type":"page","link":"https:\/\/asemtur.com.co\/index.php\/unidades-de-gestion\/representatividad-y-desarrollo-regional\/","title":{"rendered":"Representatividad y Desarrollo Regional"},"content":{"rendered":"\t\t<div data-elementor-type=\"wp-page\" data-elementor-id=\"4930\" class=\"elementor elementor-4930\">\n\t\t\t\t<div class=\"elementor-element elementor-element-7fe62da e-con-full e-flex e-con e-parent\" data-id=\"7fe62da\" data-element_type=\"container\" data-settings=\"{&quot;_ha_eqh_enable&quot;:false}\">\n\t\t<div class=\"elementor-element elementor-element-f6f14ab e-con-full e-flex e-con e-child\" data-id=\"f6f14ab\" data-element_type=\"container\" data-settings=\"{&quot;_ha_eqh_enable&quot;:false}\">\n\t\t<div class=\"elementor-element elementor-element-fb670ce e-con-full e-flex e-con e-child\" data-id=\"fb670ce\" data-element_type=\"container\" data-settings=\"{&quot;_ha_eqh_enable&quot;:false}\">\n\t\t\t\t<div class=\"elementor-element elementor-element-6113d53 elementor-widget__width-initial e-transform e-transform elementor-widget elementor-widget-ha-navigation-menu happy-addon ha-navigation-menu\" data-id=\"6113d53\" data-element_type=\"widget\" data-settings=\"{&quot;_transform_translateX_effect&quot;:{&quot;unit&quot;:&quot;px&quot;,&quot;size&quot;:45,&quot;sizes&quot;:[]},&quot;_transform_scaleX_effect&quot;:{&quot;unit&quot;:&quot;px&quot;,&quot;size&quot;:0.8,&quot;sizes&quot;:[]},&quot;_transform_translateY_effect&quot;:{&quot;unit&quot;:&quot;px&quot;,&quot;size&quot;:0,&quot;sizes&quot;:[]},&quot;_transform_translateX_effect_tablet&quot;:{&quot;unit&quot;:&quot;px&quot;,&quot;size&quot;:&quot;&quot;,&quot;sizes&quot;:[]},&quot;_transform_translateX_effect_mobile&quot;:{&quot;unit&quot;:&quot;px&quot;,&quot;size&quot;:&quot;&quot;,&quot;sizes&quot;:[]},&quot;_transform_translateY_effect_tablet&quot;:{&quot;unit&quot;:&quot;px&quot;,&quot;size&quot;:&quot;&quot;,&quot;sizes&quot;:[]},&quot;_transform_translateY_effect_mobile&quot;:{&quot;unit&quot;:&quot;px&quot;,&quot;size&quot;:&quot;&quot;,&quot;sizes&quot;:[]},&quot;_transform_scaleX_effect_tablet&quot;:{&quot;unit&quot;:&quot;px&quot;,&quot;size&quot;:&quot;&quot;,&quot;sizes&quot;:[]},&quot;_transform_scaleX_effect_mobile&quot;:{&quot;unit&quot;:&quot;px&quot;,&quot;size&quot;:&quot;&quot;,&quot;sizes&quot;:[]},&quot;_transform_scaleY_effect&quot;:{&quot;unit&quot;:&quot;px&quot;,&quot;size&quot;:&quot;&quot;,&quot;sizes&quot;:[]},&quot;_transform_scaleY_effect_tablet&quot;:{&quot;unit&quot;:&quot;px&quot;,&quot;size&quot;:&quot;&quot;,&quot;sizes&quot;:[]},&quot;_transform_scaleY_effect_mobile&quot;:{&quot;unit&quot;:&quot;px&quot;,&quot;size&quot;:&quot;&quot;,&quot;sizes&quot;:[]}}\" data-widget_type=\"ha-navigation-menu.default\">\n\t\t\t\t\t<nav class=\"ha-nav-menu ha-navigation-menu-wrapper\"><div class=\"menu-asemtur-container\">\t\t\t\t<div class=\"ha-nav-humberger-wrapper\">\n\t\t\t\t\t<span class=\"ha-menu-open-icon ha-menu-toggler\" data-humberger=\"open\"><i aria-hidden=\"true\" class=\"huge huge-menu-01\"><\/i><\/span>\n\t\t\t\t\t<span class=\"ha-menu-close-icon ha-menu-toggler hide-icon\" data-humberger=\"close\"><svg aria-hidden=\"true\" class=\"e-font-icon-svg e-far-window-close\" viewBox=\"0 0 512 512\" xmlns=\"http:\/\/www.w3.org\/2000\/svg\"><path d=\"M464 32H48C21.5 32 0 53.5 0 80v352c0 26.5 21.5 48 48 48h416c26.5 0 48-21.5 48-48V80c0-26.5-21.5-48-48-48zm0 394c0 3.3-2.7 6-6 6H54c-3.3 0-6-2.7-6-6V86c0-3.3 2.7-6 6-6h404c3.3 0 6 2.7 6 6v340zM356.5 194.6L295.1 256l61.4 61.4c4.6 4.6 4.6 12.1 0 16.8l-22.3 22.3c-4.6 4.6-12.1 4.6-16.8 0L256 295.1l-61.4 61.4c-4.6 4.6-12.1 4.6-16.8 0l-22.3-22.3c-4.6-4.6-4.6-12.1 0-16.8l61.4-61.4-61.4-61.4c-4.6-4.6-4.6-12.1 0-16.8l22.3-22.3c4.6-4.6 12.1-4.6 16.8 0l61.4 61.4 61.4-61.4c4.6-4.6 12.1-4.6 16.8 0l22.3 22.3c4.7 4.6 4.7 12.1 0 16.8z\"><\/path><\/svg><\/span>\n\t\t\t\t<\/div>\n\t\t\t<ul id=\"menu-asemtur\" class=\"menu\"><li id=\"menu-item-4178\" class=\"menu-item menu-item-type-post_type menu-item-object-page menu-item-home\"><a href=\"https:\/\/asemtur.com.co\/\" class=\"menu-link\"><span class=\"menu-item-title\">Inicio<\/span><\/a><\/li>\n<li id=\"menu-item-2188\" class=\"menu-item menu-item-type-post_type menu-item-object-page\"><a href=\"https:\/\/asemtur.com.co\/index.php\/asemtur-4\/\" class=\"menu-link\"><span class=\"menu-item-title\">Asemtur<\/span><\/a><\/li>\n<li id=\"menu-item-4333\" class=\"menu-item menu-item-type-post_type menu-item-object-page menu-item-has-children\"><a aria-expanded=\"false\" href=\"https:\/\/asemtur.com.co\/index.php\/agremiadas\/\" class=\"menu-link\"><span class=\"menu-item-title\">Agremiadas<\/span><\/a><span class=\"ha-submenu-indicator-wrap fas fa-angle-down\"><\/span>\n<ul class=\"sub-menu\">\n\t<li id=\"menu-item-2463\" class=\"menu-item menu-item-type-post_type menu-item-object-page\"><a href=\"https:\/\/asemtur.com.co\/index.php\/agremiadas\/contribuir\/\" class=\"menu-link\"><span class=\"menu-item-title\">Contribuir<\/span><\/a>\t<li id=\"menu-item-2462\" class=\"menu-item menu-item-type-post_type menu-item-object-page\"><a href=\"https:\/\/asemtur.com.co\/index.php\/inicio\/integra\/\" class=\"menu-link\"><span class=\"menu-item-title\">Integra<\/span><\/a>\t<li id=\"menu-item-2363\" class=\"menu-item menu-item-type-post_type menu-item-object-page\"><a href=\"https:\/\/asemtur.com.co\/index.php\/inicio\/san-fernando\/\" class=\"menu-link\"><span class=\"menu-item-title\">San Fernando<\/span><\/a>\t<li id=\"menu-item-2465\" class=\"menu-item menu-item-type-post_type menu-item-object-page\"><a href=\"https:\/\/asemtur.com.co\/index.php\/site\/\" class=\"menu-link\"><span class=\"menu-item-title\">Site S.A.S.<\/span><\/a>\t<li id=\"menu-item-2464\" class=\"menu-item menu-item-type-post_type menu-item-object-page\"><a href=\"https:\/\/asemtur.com.co\/index.php\/superbuses\/\" class=\"menu-link\"><span class=\"menu-item-title\">Superbuses<\/span><\/a><\/ul>\n<\/li>\n<li id=\"menu-item-2603\" class=\"menu-item menu-item-type-post_type menu-item-object-page\"><a href=\"https:\/\/asemtur.com.co\/index.php\/amco\/\" class=\"menu-link\"><span class=\"menu-item-title\">Amco<\/span><\/a><\/li>\n<li id=\"menu-item-4956\" class=\"menu-item menu-item-type-post_type menu-item-object-page menu-item-has-children\"><a aria-expanded=\"false\" href=\"https:\/\/asemtur.com.co\/index.php\/unidades-de-gestion\/\" class=\"menu-link\"><span class=\"menu-item-title\">Unidades de Gesti\u00f3n<\/span><\/a><span class=\"ha-submenu-indicator-wrap fas fa-angle-down\"><\/span>\n<ul class=\"sub-menu\">\n\t<li id=\"menu-item-4958\" class=\"menu-item menu-item-type-post_type menu-item-object-page\"><a href=\"https:\/\/asemtur.com.co\/index.php\/unidades-de-gestion\/representatividad-y-desarrollo-regional\/\" class=\"menu-link\"><span class=\"menu-item-title\">Representatividad y Desarrollo Regional<\/span><\/a>\t<li id=\"menu-item-4957\" class=\"menu-item menu-item-type-post_type menu-item-object-page\"><a href=\"https:\/\/asemtur.com.co\/index.php\/unidades-de-gestion\/gestion-interinstitucional\/\" class=\"menu-link\"><span class=\"menu-item-title\">Gesti\u00f3n Interinstitucional<\/span><\/a>\t<li id=\"menu-item-3504\" class=\"menu-item menu-item-type-post_type menu-item-object-page\"><a href=\"https:\/\/asemtur.com.co\/index.php\/unidades-de-gestion\/sostenibilidad-2\/\" class=\"menu-link\"><span class=\"menu-item-title\">Sostenibilidad<\/span><\/a><\/ul>\n<\/li>\n<li id=\"menu-item-3505\" class=\"menu-item menu-item-type-post_type menu-item-object-page\"><a href=\"https:\/\/asemtur.com.co\/index.php\/inicio\/servicios\/\" class=\"menu-link\"><span class=\"menu-item-title\">Servicios<\/span><\/a><\/li>\n<li id=\"menu-item-3513\" class=\"menu-item menu-item-type-post_type menu-item-object-page\"><a href=\"https:\/\/asemtur.com.co\/index.php\/unidades-negocio\/\" class=\"menu-link\"><span class=\"menu-item-title\">Unidades de negocio<\/span><\/a><\/li>\n<\/ul><\/div><\/nav>\t\t\t\t<\/div>\n\t\t\t\t<\/div>\n\t\t<div class=\"elementor-element elementor-element-20656f9 e-con-full e-flex e-con e-child\" data-id=\"20656f9\" data-element_type=\"container\" data-settings=\"{&quot;_ha_eqh_enable&quot;:false}\">\n\t\t\t\t<div class=\"elementor-element elementor-element-d092fa5 elementor-align-right e-transform e-transform elementor-widget elementor-widget-button\" data-id=\"d092fa5\" data-element_type=\"widget\" data-settings=\"{&quot;_transform_translateX_effect&quot;:{&quot;unit&quot;:&quot;px&quot;,&quot;size&quot;:10,&quot;sizes&quot;:[]},&quot;_transform_scale_effect&quot;:{&quot;unit&quot;:&quot;px&quot;,&quot;size&quot;:0.8,&quot;sizes&quot;:[]},&quot;_transform_translateX_effect_tablet&quot;:{&quot;unit&quot;:&quot;px&quot;,&quot;size&quot;:&quot;&quot;,&quot;sizes&quot;:[]},&quot;_transform_translateX_effect_mobile&quot;:{&quot;unit&quot;:&quot;px&quot;,&quot;size&quot;:&quot;&quot;,&quot;sizes&quot;:[]},&quot;_transform_translateY_effect&quot;:{&quot;unit&quot;:&quot;px&quot;,&quot;size&quot;:&quot;&quot;,&quot;sizes&quot;:[]},&quot;_transform_translateY_effect_tablet&quot;:{&quot;unit&quot;:&quot;px&quot;,&quot;size&quot;:&quot;&quot;,&quot;sizes&quot;:[]},&quot;_transform_translateY_effect_mobile&quot;:{&quot;unit&quot;:&quot;px&quot;,&quot;size&quot;:&quot;&quot;,&quot;sizes&quot;:[]},&quot;_transform_scale_effect_tablet&quot;:{&quot;unit&quot;:&quot;px&quot;,&quot;size&quot;:&quot;&quot;,&quot;sizes&quot;:[]},&quot;_transform_scale_effect_mobile&quot;:{&quot;unit&quot;:&quot;px&quot;,&quot;size&quot;:&quot;&quot;,&quot;sizes&quot;:[]}}\" data-widget_type=\"button.default\">\n\t\t\t\t\t\t\t\t\t\t<a class=\"elementor-button elementor-button-link elementor-size-sm\" href=\"https:\/\/asemtur.com.co\/\/tiquetes\/login.php\" target=\"_blank\">\n\t\t\t\t\t\t<span class=\"elementor-button-content-wrapper\">\n\t\t\t\t\t\t\t\t\t<span class=\"elementor-button-text\">\ud83c\udfab Sistema de Tiquetes<\/span>\n\t\t\t\t\t<\/span>\n\t\t\t\t\t<\/a>\n\t\t\t\t\t\t\t\t<\/div>\n\t\t\t\t<\/div>\n\t\t\t\t<\/div>\n\t\t<div class=\"elementor-element elementor-element-5543bf7 e-con-full e-flex e-con e-child\" data-id=\"5543bf7\" data-element_type=\"container\" data-settings=\"{&quot;_ha_eqh_enable&quot;:false}\">\n\t\t\t\t<div class=\"elementor-element elementor-element-d5e588e elementor-widget__width-inherit elementor-widget elementor-widget-image\" data-id=\"d5e588e\" data-element_type=\"widget\" data-widget_type=\"image.default\">\n\t\t\t\t\t\t\t\t\t\t\t\t\t\t\t<img fetchpriority=\"high\" decoding=\"async\" width=\"1024\" height=\"386\" src=\"https:\/\/asemtur.com.co\/wp-content\/uploads\/2026\/03\/Competitividad-1024x386.png\" class=\"attachment-large size-large wp-image-3021\" alt=\"\" srcset=\"https:\/\/asemtur.com.co\/wp-content\/uploads\/2026\/03\/Competitividad-1024x386.png 1024w, https:\/\/asemtur.com.co\/wp-content\/uploads\/2026\/03\/Competitividad-300x113.png 300w, https:\/\/asemtur.com.co\/wp-content\/uploads\/2026\/03\/Competitividad-768x290.png 768w, https:\/\/asemtur.com.co\/wp-content\/uploads\/2026\/03\/Competitividad.png 1140w\" sizes=\"(max-width: 1024px) 100vw, 1024px\" \/>\t\t\t\t\t\t\t\t\t\t\t\t\t\t\t<\/div>\n\t\t\t\t<div class=\"elementor-element elementor-element-b885ca7 elementor-widget elementor-widget-image\" data-id=\"b885ca7\" data-element_type=\"widget\" data-widget_type=\"image.default\">\n\t\t\t\t\t\t\t\t\t\t\t\t\t\t\t<img decoding=\"async\" src=\"https:\/\/asemtur.com.co\/wp-content\/uploads\/2026\/02\/Recurso-13.svg\" title=\"\" alt=\"\" loading=\"lazy\" \/>\t\t\t\t\t\t\t\t\t\t\t\t\t\t\t<\/div>\n\t\t\t\t<\/div>\n\t\t\t\t<\/div>\n\t\t<div class=\"elementor-element elementor-element-19ed1e1 e-flex e-con-boxed e-con e-parent\" data-id=\"19ed1e1\" data-element_type=\"container\" data-settings=\"{&quot;_ha_eqh_enable&quot;:false}\">\n\t\t\t\t\t<div class=\"e-con-inner\">\n\t\t\t\t<div class=\"elementor-element elementor-element-ca0f88d elementor-widget elementor-widget-heading\" data-id=\"ca0f88d\" data-element_type=\"widget\" data-widget_type=\"heading.default\">\n\t\t\t\t\t<h2 class=\"elementor-heading-title elementor-size-default\">Representatividad y de Desarrollo Regional<\/h2>\t\t\t\t<\/div>\n\t\t\t\t<div class=\"elementor-element elementor-element-31b116e elementor-widget elementor-widget-heading\" data-id=\"31b116e\" data-element_type=\"widget\" data-widget_type=\"heading.default\">\n\t\t\t\t\t<h4 class=\"elementor-heading-title elementor-size-default\">Nuestra voz, el motor del progreso sectorial.<\/h4>\t\t\t\t<\/div>\n\t\t\t\t<div class=\"elementor-element elementor-element-3cde09a elementor-widget elementor-widget-text-editor\" data-id=\"3cde09a\" data-element_type=\"widget\" data-widget_type=\"text-editor.default\">\n\t\t\t\t\t\t\t\t\t<p>En ASEMTUR, trabajamos incansablemente para defender los intereses del sector y elevar los est\u00e1ndares del transporte p\u00fablico. M\u00e1s que representar a nuestras empresas agremiadas, somos un actor t\u00e9cnico y estrat\u00e9gico que incide activamente en las decisiones p\u00fablicas y privadas, garantizando un ecosistema empresarial fuerte, competitivo y preparado para los retos del futuro en Risaralda.<\/p>\t\t\t\t\t\t\t\t<\/div>\n\t\t\t\t<div class=\"elementor-element elementor-element-6397263 elementor-widget elementor-widget-heading\" data-id=\"6397263\" data-element_type=\"widget\" data-widget_type=\"heading.default\">\n\t\t\t\t\t<h4 class=\"elementor-heading-title elementor-size-default\">Comit\u00e9s de Trabajo Estrat\u00e9gico<\/h4>\t\t\t\t<\/div>\n\t\t\t\t<div class=\"elementor-element elementor-element-fd28ed2 elementor-widget elementor-widget-text-editor\" data-id=\"fd28ed2\" data-element_type=\"widget\" data-widget_type=\"text-editor.default\">\n\t\t\t\t\t\t\t\t\t<p>Nuestra capacidad de incidencia nace del trabajo articulado. A trav\u00e9s de nuestros comit\u00e9s, reunimos a los expertos de nuestras empresas afiliadas para analizar, debatir y proponer soluciones a las necesidades del \u00c1rea Metropolitana:<\/p><ul><li>Comit\u00e9 T\u00e9cnico y Operativo: Espacio dedicado a la optimizaci\u00f3n de rutas, evaluaci\u00f3n de tecnolog\u00edas vehiculares y mejora continua del servicio para el usuario final.<\/li><li>Comit\u00e9 Jur\u00eddico y Normativo: Monitoreo y an\u00e1lisis de las regulaciones locales y nacionales para proteger jur\u00eddicamente al gremio y proponer normativas justas.<\/li><li>Comit\u00e9 de Sostenibilidad e Innovaci\u00f3n: (Ideal por tu enfoque ambiental)* Impulsamos la transici\u00f3n hacia un transporte m\u00e1s limpio y eficiente, buscando alianzas y recursos estrat\u00e9gicos.<\/li><\/ul>\t\t\t\t\t\t\t\t<\/div>\n\t\t<div class=\"elementor-element elementor-element-7ddfb8c e-grid e-con-full e-con e-child\" data-id=\"7ddfb8c\" data-element_type=\"container\" data-settings=\"{&quot;_ha_eqh_enable&quot;:false}\">\n\t\t\t\t<div class=\"elementor-element elementor-element-b5fc986 elementor-widget elementor-widget-image\" data-id=\"b5fc986\" data-element_type=\"widget\" data-widget_type=\"image.default\">\n\t\t\t\t\t\t\t\t\t\t\t\t\t\t\t<img decoding=\"async\" width=\"397\" height=\"288\" src=\"https:\/\/asemtur.com.co\/wp-content\/uploads\/2026\/03\/mision-header.png\" class=\"attachment-large size-large wp-image-3014\" alt=\"\" srcset=\"https:\/\/asemtur.com.co\/wp-content\/uploads\/2026\/03\/mision-header.png 397w, https:\/\/asemtur.com.co\/wp-content\/uploads\/2026\/03\/mision-header-300x218.png 300w\" sizes=\"(max-width: 397px) 100vw, 397px\" \/>\t\t\t\t\t\t\t\t\t\t\t\t\t\t\t<\/div>\n\t\t\t\t<div class=\"elementor-element elementor-element-0072da6 elementor-widget elementor-widget-image\" data-id=\"0072da6\" data-element_type=\"widget\" data-widget_type=\"image.default\">\n\t\t\t\t\t\t\t\t\t\t\t\t\t\t\t<img decoding=\"async\" width=\"397\" height=\"288\" src=\"https:\/\/asemtur.com.co\/wp-content\/uploads\/2026\/03\/mision-header.png\" class=\"attachment-large size-large wp-image-3014\" alt=\"\" srcset=\"https:\/\/asemtur.com.co\/wp-content\/uploads\/2026\/03\/mision-header.png 397w, https:\/\/asemtur.com.co\/wp-content\/uploads\/2026\/03\/mision-header-300x218.png 300w\" sizes=\"(max-width: 397px) 100vw, 397px\" \/>\t\t\t\t\t\t\t\t\t\t\t\t\t\t\t<\/div>\n\t\t\t\t<div class=\"elementor-element elementor-element-429ae80 elementor-widget elementor-widget-image\" data-id=\"429ae80\" data-element_type=\"widget\" data-widget_type=\"image.default\">\n\t\t\t\t\t\t\t\t\t\t\t\t\t\t\t<img decoding=\"async\" width=\"397\" height=\"288\" src=\"https:\/\/asemtur.com.co\/wp-content\/uploads\/2026\/03\/mision-header.png\" class=\"attachment-large size-large wp-image-3014\" alt=\"\" srcset=\"https:\/\/asemtur.com.co\/wp-content\/uploads\/2026\/03\/mision-header.png 397w, https:\/\/asemtur.com.co\/wp-content\/uploads\/2026\/03\/mision-header-300x218.png 300w\" sizes=\"(max-width: 397px) 100vw, 397px\" \/>\t\t\t\t\t\t\t\t\t\t\t\t\t\t\t<\/div>\n\t\t\t\t<\/div>\n\t\t\t\t\t<\/div>\n\t\t\t\t<\/div>\n\t\t\t\t<\/div>\n\t\t","protected":false},"excerpt":{"rendered":"<p>Inicio Asemtur Agremiadas Contribuir Integra San Fernando Site S.A.S. Superbuses Amco Competitividad Representatividad Sostenibilidad Servicios Probidad \ud83c\udfab Sistema de Tiquetes [&hellip;]<\/p>\n","protected":false},"author":1,"featured_media":0,"parent":4928,"menu_order":0,"comment_status":"closed","ping_status":"closed","template":"","meta":{"_uag_custom_page_level_css":"","site-sidebar-layout":"no-sidebar","site-content-layout":"","ast-site-content-layout":"full-width-container","site-content-style":"default","site-sidebar-style":"default","ast-global-header-display":"","ast-banner-title-visibility":"","ast-main-header-display":"","ast-hfb-above-header-display":"","ast-hfb-below-header-display":"","ast-hfb-mobile-header-display":"","site-post-title":"","ast-breadcrumbs-content":"","ast-featured-img":"disabled","footer-sml-layout":"","theme-transparent-header-meta":"","adv-header-id-meta":"","stick-header-meta":"","header-above-stick-meta":"","header-main-stick-meta":"","header-below-stick-meta":"","astra-migrate-meta-layouts":"default","ast-page-background-enabled":"default","ast-page-background-meta":{"desktop":{"background-color":"var(--ast-global-color-5)","background-image":"","background-repeat":"repeat","background-position":"center center","background-size":"auto","background-attachment":"scroll","background-type":"","background-media":"","overlay-type":"","overlay-color":"","overlay-opacity":"","overlay-gradient":""},"tablet":{"background-color":"","background-image":"","background-repeat":"repeat","background-position":"center center","background-size":"auto","background-attachment":"scroll","background-type":"","background-media":"","overlay-type":"","overlay-color":"","overlay-opacity":"","overlay-gradient":""},"mobile":{"background-color":"","background-image":"","background-repeat":"repeat","background-position":"center center","background-size":"auto","background-attachment":"scroll","background-type":"","background-media":"","overlay-type":"","overlay-color":"","overlay-opacity":"","overlay-gradient":""}},"ast-content-background-meta":{"desktop":{"background-color":"var(--ast-global-color-4)","background-image":"","background-repeat":"repeat","background-position":"center center","background-size":"auto","background-attachment":"scroll","background-type":"","background-media":"","overlay-type":"","overlay-color":"","overlay-opacity":"","overlay-gradient":""},"tablet":{"background-color":"var(--ast-global-color-4)","background-image":"","background-repeat":"repeat","background-position":"center center","background-size":"auto","background-attachment":"scroll","background-type":"","background-media":"","overlay-type":"","overlay-color":"","overlay-opacity":"","overlay-gradient":""},"mobile":{"background-color":"var(--ast-global-color-4)","background-image":"","background-repeat":"repeat","background-position":"center center","background-size":"auto","background-attachment":"scroll","background-type":"","background-media":"","overlay-type":"","overlay-color":"","overlay-opacity":"","overlay-gradient":""}},"footnotes":""},"class_list":["post-4930","page","type-page","status-publish","hentry"],"uagb_featured_image_src":{"full":false,"thumbnail":false,"medium":false,"medium_large":false,"large":false,"1536x1536":false,"2048x2048":false},"uagb_author_info":{"display_name":"admin_asemtur","author_link":"https:\/\/asemtur.com.co\/index.php\/author\/admin_asemtur\/"},"uagb_comment_info":0,"uagb_excerpt":"Inicio Asemtur Agremiadas Contribuir Integra San Fernando Site S.A.S. Superbuses Amco Competitividad Representatividad Sostenibilidad Servicios Probidad \ud83c\udfab Sistema de Tiquetes [&hellip;]","_links":{"self":[{"href":"https:\/\/asemtur.com.co\/index.php\/wp-json\/wp\/v2\/pages\/4930","targetHints":{"allow":["GET"]}}],"collection":[{"href":"https:\/\/asemtur.com.co\/index.php\/wp-json\/wp\/v2\/pages"}],"about":[{"href":"https:\/\/asemtur.com.co\/index.php\/wp-json\/wp\/v2\/types\/page"}],"author":[{"embeddable":true,"href":"https:\/\/asemtur.com.co\/index.php\/wp-json\/wp\/v2\/users\/1"}],"replies":[{"embeddable":true,"href":"https:\/\/asemtur.com.co\/index.php\/wp-json\/wp\/v2\/comments?post=4930"}],"version-history":[{"count":5,"href":"https:\/\/asemtur.com.co\/index.php\/wp-json\/wp\/v2\/pages\/4930\/revisions"}],"predecessor-version":[{"id":4959,"href":"https:\/\/asemtur.com.co\/index.php\/wp-json\/wp\/v2\/pages\/4930\/revisions\/4959"}],"up":[{"embeddable":true,"href":"https:\/\/asemtur.com.co\/index.php\/wp-json\/wp\/v2\/pages\/4928"}],"wp:attachment":[{"href":"https:\/\/asemtur.com.co\/index.php\/wp-json\/wp\/v2\/media?parent=4930"}],"curies":[{"name":"wp","href":"https:\/\/api.w.org\/{rel}","templated":true}]}}