{"id":5412,"date":"2026-04-15T19:31:16","date_gmt":"2026-04-16T00:31:16","guid":{"rendered":"https:\/\/asemtur.com.co\/?page_id=5412"},"modified":"2026-04-16T08:25:59","modified_gmt":"2026-04-16T13:25:59","slug":"attep","status":"publish","type":"page","link":"https:\/\/asemtur.com.co\/index.php\/agremiadas\/attep\/","title":{"rendered":"Attep"},"content":{"rendered":"\t\t<div data-elementor-type=\"wp-page\" data-elementor-id=\"5412\" class=\"elementor elementor-5412\">\n\t\t\t\t<div class=\"elementor-element elementor-element-47aa609 e-con-full e-flex e-con e-parent\" data-id=\"47aa609\" data-element_type=\"container\" data-settings=\"{&quot;_ha_eqh_enable&quot;:false}\">\n\t\t<div class=\"elementor-element elementor-element-3c93b1f e-con-full e-flex e-con e-child\" data-id=\"3c93b1f\" data-element_type=\"container\" data-settings=\"{&quot;_ha_eqh_enable&quot;:false}\">\n\t\t<div class=\"elementor-element elementor-element-943528d e-con-full e-flex e-con e-child\" data-id=\"943528d\" data-element_type=\"container\" data-settings=\"{&quot;_ha_eqh_enable&quot;:false}\">\n\t\t\t\t<div class=\"elementor-element elementor-element-091e215 elementor-widget__width-initial e-transform e-transform elementor-widget elementor-widget-ha-navigation-menu happy-addon ha-navigation-menu\" data-id=\"091e215\" data-element_type=\"widget\" data-settings=\"{&quot;_transform_translateX_effect&quot;:{&quot;unit&quot;:&quot;px&quot;,&quot;size&quot;:45,&quot;sizes&quot;:[]},&quot;_transform_scaleX_effect&quot;:{&quot;unit&quot;:&quot;px&quot;,&quot;size&quot;:0.8,&quot;sizes&quot;:[]},&quot;_transform_translateY_effect&quot;:{&quot;unit&quot;:&quot;px&quot;,&quot;size&quot;:0,&quot;sizes&quot;:[]},&quot;_transform_translateX_effect_tablet&quot;:{&quot;unit&quot;:&quot;px&quot;,&quot;size&quot;:&quot;&quot;,&quot;sizes&quot;:[]},&quot;_transform_translateX_effect_mobile&quot;:{&quot;unit&quot;:&quot;px&quot;,&quot;size&quot;:&quot;&quot;,&quot;sizes&quot;:[]},&quot;_transform_translateY_effect_tablet&quot;:{&quot;unit&quot;:&quot;px&quot;,&quot;size&quot;:&quot;&quot;,&quot;sizes&quot;:[]},&quot;_transform_translateY_effect_mobile&quot;:{&quot;unit&quot;:&quot;px&quot;,&quot;size&quot;:&quot;&quot;,&quot;sizes&quot;:[]},&quot;_transform_scaleX_effect_tablet&quot;:{&quot;unit&quot;:&quot;px&quot;,&quot;size&quot;:&quot;&quot;,&quot;sizes&quot;:[]},&quot;_transform_scaleX_effect_mobile&quot;:{&quot;unit&quot;:&quot;px&quot;,&quot;size&quot;:&quot;&quot;,&quot;sizes&quot;:[]},&quot;_transform_scaleY_effect&quot;:{&quot;unit&quot;:&quot;px&quot;,&quot;size&quot;:&quot;&quot;,&quot;sizes&quot;:[]},&quot;_transform_scaleY_effect_tablet&quot;:{&quot;unit&quot;:&quot;px&quot;,&quot;size&quot;:&quot;&quot;,&quot;sizes&quot;:[]},&quot;_transform_scaleY_effect_mobile&quot;:{&quot;unit&quot;:&quot;px&quot;,&quot;size&quot;:&quot;&quot;,&quot;sizes&quot;:[]}}\" data-widget_type=\"ha-navigation-menu.default\">\n\t\t\t\t\t<nav class=\"ha-nav-menu ha-navigation-menu-wrapper\"><div class=\"menu-asemtur-container\">\t\t\t\t<div class=\"ha-nav-humberger-wrapper\">\n\t\t\t\t\t<span class=\"ha-menu-open-icon ha-menu-toggler\" data-humberger=\"open\"><i aria-hidden=\"true\" class=\"huge huge-menu-01\"><\/i><\/span>\n\t\t\t\t\t<span class=\"ha-menu-close-icon ha-menu-toggler hide-icon\" data-humberger=\"close\"><svg aria-hidden=\"true\" class=\"e-font-icon-svg e-far-window-close\" viewBox=\"0 0 512 512\" xmlns=\"http:\/\/www.w3.org\/2000\/svg\"><path d=\"M464 32H48C21.5 32 0 53.5 0 80v352c0 26.5 21.5 48 48 48h416c26.5 0 48-21.5 48-48V80c0-26.5-21.5-48-48-48zm0 394c0 3.3-2.7 6-6 6H54c-3.3 0-6-2.7-6-6V86c0-3.3 2.7-6 6-6h404c3.3 0 6 2.7 6 6v340zM356.5 194.6L295.1 256l61.4 61.4c4.6 4.6 4.6 12.1 0 16.8l-22.3 22.3c-4.6 4.6-12.1 4.6-16.8 0L256 295.1l-61.4 61.4c-4.6 4.6-12.1 4.6-16.8 0l-22.3-22.3c-4.6-4.6-4.6-12.1 0-16.8l61.4-61.4-61.4-61.4c-4.6-4.6-4.6-12.1 0-16.8l22.3-22.3c4.6-4.6 12.1-4.6 16.8 0l61.4 61.4 61.4-61.4c4.6-4.6 12.1-4.6 16.8 0l22.3 22.3c4.7 4.6 4.7 12.1 0 16.8z\"><\/path><\/svg><\/span>\n\t\t\t\t<\/div>\n\t\t\t<ul id=\"menu-asemtur\" class=\"menu\"><li id=\"menu-item-4178\" class=\"menu-item menu-item-type-post_type menu-item-object-page menu-item-home\"><a href=\"https:\/\/asemtur.com.co\/\" class=\"menu-link\"><span class=\"menu-item-title\">Inicio<\/span><\/a><\/li>\n<li id=\"menu-item-2188\" class=\"menu-item menu-item-type-post_type menu-item-object-page\"><a href=\"https:\/\/asemtur.com.co\/index.php\/asemtur-4\/\" class=\"menu-link\"><span class=\"menu-item-title\">Asemtur<\/span><\/a><\/li>\n<li id=\"menu-item-4333\" class=\"menu-item menu-item-type-post_type menu-item-object-page menu-item-has-children\"><a aria-expanded=\"false\" href=\"https:\/\/asemtur.com.co\/index.php\/agremiadas\/\" class=\"menu-link\"><span class=\"menu-item-title\">Agremiadas<\/span><\/a><span class=\"ha-submenu-indicator-wrap fas fa-angle-down\"><\/span>\n<ul class=\"sub-menu\">\n\t<li id=\"menu-item-5465\" class=\"menu-item menu-item-type-post_type menu-item-object-page\"><a href=\"https:\/\/asemtur.com.co\/index.php\/agremiadas\/attep\/\" class=\"menu-link\"><span class=\"menu-item-title\">Attep<\/span><\/a>\t<li id=\"menu-item-2463\" class=\"menu-item menu-item-type-post_type menu-item-object-page\"><a href=\"https:\/\/asemtur.com.co\/index.php\/agremiadas\/contribuir\/\" class=\"menu-link\"><span class=\"menu-item-title\">Contribuir<\/span><\/a>\t<li id=\"menu-item-2462\" class=\"menu-item menu-item-type-post_type menu-item-object-page\"><a href=\"https:\/\/asemtur.com.co\/index.php\/agremiadas\/integra\/\" class=\"menu-link\"><span class=\"menu-item-title\">Integra<\/span><\/a>\t<li id=\"menu-item-5423\" class=\"menu-item menu-item-type-post_type menu-item-object-page\"><a href=\"https:\/\/asemtur.com.co\/index.php\/agremiadas\/san-fernando-2\/\" class=\"menu-link\"><span class=\"menu-item-title\">San Fernando<\/span><\/a>\t<li id=\"menu-item-2465\" class=\"menu-item menu-item-type-post_type menu-item-object-page\"><a href=\"https:\/\/asemtur.com.co\/index.php\/agremiadas\/site\/\" class=\"menu-link\"><span class=\"menu-item-title\">Site S.A.S.<\/span><\/a>\t<li id=\"menu-item-2464\" class=\"menu-item menu-item-type-post_type menu-item-object-page\"><a href=\"https:\/\/asemtur.com.co\/index.php\/agremiadas\/superbuses\/\" class=\"menu-link\"><span class=\"menu-item-title\">Superbuses<\/span><\/a><\/ul>\n<\/li>\n<li id=\"menu-item-2603\" class=\"menu-item menu-item-type-post_type menu-item-object-page\"><a href=\"https:\/\/asemtur.com.co\/index.php\/amco\/\" class=\"menu-link\"><span class=\"menu-item-title\">Amco<\/span><\/a><\/li>\n<li id=\"menu-item-5400\" class=\"menu-item menu-item-type-custom menu-item-object-custom menu-item-home menu-item-has-children\"><a aria-expanded=\"false\" href=\"https:\/\/asemtur.com.co\/\" class=\"menu-link\"><span class=\"menu-item-title\">Unidades de gesti\u00f3n<\/span><\/a><span class=\"ha-submenu-indicator-wrap fas fa-angle-down\"><\/span>\n<ul class=\"sub-menu\">\n\t<li id=\"menu-item-5407\" class=\"menu-item menu-item-type-post_type menu-item-object-page\"><a target=\"_blank\" href=\"https:\/\/asemtur.com.co\/index.php\/representatividad-y-desarrollo-regional\/\" class=\"menu-link\"><span class=\"menu-item-title\">Representatividad y Desarrollo Regional<\/span><\/a>\t<li id=\"menu-item-5406\" class=\"menu-item menu-item-type-post_type menu-item-object-page\"><a target=\"_blank\" href=\"https:\/\/asemtur.com.co\/index.php\/gestion-interinstitucional\/\" class=\"menu-link\"><span class=\"menu-item-title\">Gesti\u00f3n Interinstitucional<\/span><\/a>\t<li id=\"menu-item-5408\" class=\"menu-item menu-item-type-post_type menu-item-object-page\"><a target=\"_blank\" href=\"https:\/\/asemtur.com.co\/index.php\/sostenibilidad-2\/\" class=\"menu-link\"><span class=\"menu-item-title\">Sostenibilidad<\/span><\/a><\/ul>\n<\/li>\n<li id=\"menu-item-3505\" class=\"menu-item menu-item-type-post_type menu-item-object-page\"><a href=\"https:\/\/asemtur.com.co\/index.php\/inicio\/servicios\/\" class=\"menu-link\"><span class=\"menu-item-title\">Servicios<\/span><\/a><\/li>\n<li id=\"menu-item-5401\" class=\"menu-item menu-item-type-custom menu-item-object-custom menu-item-home menu-item-has-children\"><a aria-expanded=\"false\" href=\"https:\/\/asemtur.com.co\/\" class=\"menu-link\"><span class=\"menu-item-title\">Unidades de negocio<\/span><\/a><span class=\"ha-submenu-indicator-wrap fas fa-angle-down\"><\/span>\n<ul class=\"sub-menu\">\n\t<li id=\"menu-item-5410\" class=\"menu-item menu-item-type-custom menu-item-object-custom\"><a target=\"_blank\" href=\"https:\/\/asemtur.com.co\/wp-content\/uploads\/2026\/04\/PORTAFOLIO-PROBIDAD.pdf\" class=\"menu-link\"><span class=\"menu-item-title\">Probidad<\/span><\/a>\t<li id=\"menu-item-5411\" class=\"menu-item menu-item-type-custom menu-item-object-custom\"><a target=\"_blank\" href=\"https:\/\/asemtur.com.co\/wp-content\/uploads\/2026\/04\/BROCHURE-TRANSPORTE-URBANO-Y-MASIVO.pdf\" class=\"menu-link\"><span class=\"menu-item-title\">Publicidad M\u00f3vil<\/span><\/a><\/ul>\n<\/li>\n<\/ul><\/div><\/nav>\t\t\t\t<\/div>\n\t\t\t\t<\/div>\n\t\t<div class=\"elementor-element elementor-element-b3c5399 e-con-full e-flex e-con e-child\" data-id=\"b3c5399\" data-element_type=\"container\" data-settings=\"{&quot;_ha_eqh_enable&quot;:false}\">\n\t\t\t\t<div class=\"elementor-element elementor-element-de01d15 elementor-align-right e-transform e-transform elementor-widget elementor-widget-button\" data-id=\"de01d15\" data-element_type=\"widget\" data-settings=\"{&quot;_transform_translateX_effect&quot;:{&quot;unit&quot;:&quot;px&quot;,&quot;size&quot;:10,&quot;sizes&quot;:[]},&quot;_transform_scale_effect&quot;:{&quot;unit&quot;:&quot;px&quot;,&quot;size&quot;:0.8,&quot;sizes&quot;:[]},&quot;_transform_translateX_effect_tablet&quot;:{&quot;unit&quot;:&quot;px&quot;,&quot;size&quot;:&quot;&quot;,&quot;sizes&quot;:[]},&quot;_transform_translateX_effect_mobile&quot;:{&quot;unit&quot;:&quot;px&quot;,&quot;size&quot;:&quot;&quot;,&quot;sizes&quot;:[]},&quot;_transform_translateY_effect&quot;:{&quot;unit&quot;:&quot;px&quot;,&quot;size&quot;:&quot;&quot;,&quot;sizes&quot;:[]},&quot;_transform_translateY_effect_tablet&quot;:{&quot;unit&quot;:&quot;px&quot;,&quot;size&quot;:&quot;&quot;,&quot;sizes&quot;:[]},&quot;_transform_translateY_effect_mobile&quot;:{&quot;unit&quot;:&quot;px&quot;,&quot;size&quot;:&quot;&quot;,&quot;sizes&quot;:[]},&quot;_transform_scale_effect_tablet&quot;:{&quot;unit&quot;:&quot;px&quot;,&quot;size&quot;:&quot;&quot;,&quot;sizes&quot;:[]},&quot;_transform_scale_effect_mobile&quot;:{&quot;unit&quot;:&quot;px&quot;,&quot;size&quot;:&quot;&quot;,&quot;sizes&quot;:[]}}\" data-widget_type=\"button.default\">\n\t\t\t\t\t\t\t\t\t\t<a class=\"elementor-button elementor-button-link elementor-size-sm\" href=\"https:\/\/asemtur.com.co\/\/tiquetes\/login.php\" target=\"_blank\">\n\t\t\t\t\t\t<span class=\"elementor-button-content-wrapper\">\n\t\t\t\t\t\t\t\t\t<span class=\"elementor-button-text\">\ud83c\udfab Sistema de Tiquetes<\/span>\n\t\t\t\t\t<\/span>\n\t\t\t\t\t<\/a>\n\t\t\t\t\t\t\t\t<\/div>\n\t\t\t\t<\/div>\n\t\t\t\t<\/div>\n\t\t<div class=\"elementor-element elementor-element-6df466e e-flex e-con-boxed e-con e-child\" data-id=\"6df466e\" data-element_type=\"container\" data-settings=\"{&quot;_ha_eqh_enable&quot;:false}\">\n\t\t\t\t\t<div class=\"e-con-inner\">\n\t\t\t\t<div class=\"elementor-element elementor-element-4b2a8ff elementor-widget elementor-widget-image\" data-id=\"4b2a8ff\" data-element_type=\"widget\" data-widget_type=\"image.default\">\n\t\t\t\t\t\t\t\t\t\t\t\t\t\t\t<img fetchpriority=\"high\" decoding=\"async\" width=\"413\" height=\"216\" src=\"https:\/\/asemtur.com.co\/wp-content\/uploads\/2026\/04\/ATTEP.png\" class=\"attachment-medium_large size-medium_large wp-image-5449\" alt=\"\" srcset=\"https:\/\/asemtur.com.co\/wp-content\/uploads\/2026\/04\/ATTEP.png 413w, https:\/\/asemtur.com.co\/wp-content\/uploads\/2026\/04\/ATTEP-300x157.png 300w\" sizes=\"(max-width: 413px) 100vw, 413px\" \/>\t\t\t\t\t\t\t\t\t\t\t\t\t\t\t<\/div>\n\t\t\t\t<div class=\"elementor-element elementor-element-d412140 elementor-widget elementor-widget-heading\" data-id=\"d412140\" data-element_type=\"widget\" data-widget_type=\"heading.default\">\n\t\t\t\t\t<h2 class=\"elementor-heading-title elementor-size-default\">ATTEP<\/h2>\t\t\t\t<\/div>\n\t\t\t\t<div class=\"elementor-element elementor-element-072f54f elementor-widget elementor-widget-text-editor\" data-id=\"072f54f\" data-element_type=\"widget\" data-widget_type=\"text-editor.default\">\n\t\t\t\t\t\t\t\t\t<p>Attep Seguros Ltda. es una empresa del sector asegurador con sede en Pereira, dedicada a la asesor\u00eda e intermediaci\u00f3n en la contrataci\u00f3n de seguros para personas naturales y jur\u00eddicas. Su actividad se enfoca en el an\u00e1lisis de riesgos, la gesti\u00f3n de p\u00f3lizas y el acompa\u00f1amiento en procesos de reclamaci\u00f3n, articulando diferentes opciones del mercado asegurador seg\u00fan las necesidades de sus clientes. La empresa desarrolla su operaci\u00f3n mediante alianzas con compa\u00f1\u00edas aseguradoras y ofrece servicios orientados a la administraci\u00f3n de riesgos y la protecci\u00f3n patrimonial.<\/p>\t\t\t\t\t\t\t\t<\/div>\n\t\t\t\t<div class=\"elementor-element elementor-element-1d4670e elementor-widget elementor-widget-heading\" data-id=\"1d4670e\" data-element_type=\"widget\" data-widget_type=\"heading.default\">\n\t\t\t\t\t<h3 class=\"elementor-heading-title elementor-size-default\">Servicios<\/h3>\t\t\t\t<\/div>\n\t\t\t\t<div class=\"elementor-element elementor-element-d3e6c28 elementor-widget elementor-widget-text-editor\" data-id=\"d3e6c28\" data-element_type=\"widget\" data-widget_type=\"text-editor.default\">\n\t\t\t\t\t\t\t\t\t<ul><li style=\"list-style-type: none;\"><ul><li style=\"list-style-type: none;\"><ul><li style=\"list-style-type: none;\"><ul><li style=\"list-style-type: none;\"><ul><li style=\"font-weight: 400;\" aria-level=\"1\"><span style=\"font-weight: 400;\">Administraci\u00f3n de Riesgos Laborales<\/span><\/li><li style=\"font-weight: 400;\" aria-level=\"1\"><span style=\"font-weight: 400;\">Suscripci\u00f3n de p\u00f3lizas adaptadas a necesidades<\/span><\/li><li style=\"font-weight: 400;\" aria-level=\"1\"><span style=\"font-weight: 400;\">Seguros para empresas o PYMES<\/span><\/li><li style=\"font-weight: 400;\" aria-level=\"1\"><span style=\"font-weight: 400;\">P\u00f3liza de Hogar<\/span><\/li><li style=\"font-weight: 400;\" aria-level=\"1\"><span style=\"font-weight: 400;\">P\u00f3liza de\u00a0 autos<\/span><\/li><li style=\"font-weight: 400;\" aria-level=\"1\"><span style=\"font-weight: 400;\">Seguros de personas (Accidentes Personales, Seguro Educativo, Seguro de Exequias, Rentas Vitalicias, Seguros de Salud, Seguros de Vida Individual)<\/span><\/li><\/ul><\/li><\/ul><\/li><\/ul><\/li><\/ul><\/li><\/ul>\t\t\t\t\t\t\t\t<\/div>\n\t\t<div class=\"elementor-element elementor-element-bdb9b99 e-grid e-con-full e-con e-child\" data-id=\"bdb9b99\" data-element_type=\"container\" data-settings=\"{&quot;_ha_eqh_enable&quot;:false}\">\n\t\t\t\t<div class=\"elementor-element elementor-element-ef3ee5e elementor-widget elementor-widget-text-editor\" data-id=\"ef3ee5e\" data-element_type=\"widget\" data-widget_type=\"text-editor.default\">\n\t\t\t\t\t\t\t\t\t<h6><strong><i class=\"fa fa-envelope\" style=\"margin-right: 10px; color: #ff7f00;\"><\/i>gerencia@attepseguros.com.co<\/strong><\/h6>\t\t\t\t\t\t\t\t<\/div>\n\t\t\t\t<div class=\"elementor-element elementor-element-85f5e99 elementor-widget elementor-widget-text-editor\" data-id=\"85f5e99\" data-element_type=\"widget\" data-widget_type=\"text-editor.default\">\n\t\t\t\t\t\t\t\t\t<h6><i class=\"fa fa-phone\" style=\"margin-right: 10px; color: #ff7f00;\"><\/i>314 618 1234 &#8211; 310 849 5308\n<\/h6>\t\t\t\t\t\t\t\t<\/div>\n\t\t\t\t<div class=\"elementor-element elementor-element-8f29bbe elementor-widget elementor-widget-text-editor\" data-id=\"8f29bbe\" data-element_type=\"widget\" data-widget_type=\"text-editor.default\">\n\t\t\t\t\t\t\t\t\t<h6><i class=\"fa fa-link\" style=\"margin-right: 10px; color: #ff7f00;\"><\/i><span style=\"color: #005546;\"><a style=\"color: #005546;\" href=\"https:\/\/www.attepseguros.com.co\/es\/\">www.attepseguros.com.co\/es\/<\/a><\/span><\/h6>\t\t\t\t\t\t\t\t<\/div>\n\t\t\t\t<\/div>\n\t\t\t\t\t<\/div>\n\t\t\t\t<\/div>\n\t\t\t\t<\/div>\n\t\t\t\t<\/div>\n\t\t","protected":false},"excerpt":{"rendered":"<p>Inicio Asemtur Agremiadas Contribuir Integra San Fernando Site S.A.S. Superbuses Amco Unidades de gesti\u00f3n Representatividad y Desarrollo Regional Gesti\u00f3n Interinstitucional [&hellip;]<\/p>\n","protected":false},"author":1,"featured_media":0,"parent":3108,"menu_order":0,"comment_status":"closed","ping_status":"closed","template":"","meta":{"_uag_custom_page_level_css":"","site-sidebar-layout":"no-sidebar","site-content-layout":"","ast-site-content-layout":"full-width-container","site-content-style":"default","site-sidebar-style":"default","ast-global-header-display":"","ast-banner-title-visibility":"","ast-main-header-display":"","ast-hfb-above-header-display":"","ast-hfb-below-header-display":"","ast-hfb-mobile-header-display":"","site-post-title":"","ast-breadcrumbs-content":"","ast-featured-img":"disabled","footer-sml-layout":"","theme-transparent-header-meta":"","adv-header-id-meta":"","stick-header-meta":"","header-above-stick-meta":"","header-main-stick-meta":"","header-below-stick-meta":"","astra-migrate-meta-layouts":"default","ast-page-background-enabled":"default","ast-page-background-meta":{"desktop":{"background-color":"var(--ast-global-color-5)","background-image":"","background-repeat":"repeat","background-position":"center center","background-size":"auto","background-attachment":"scroll","background-type":"","background-media":"","overlay-type":"","overlay-color":"","overlay-opacity":"","overlay-gradient":""},"tablet":{"background-color":"","background-image":"","background-repeat":"repeat","background-position":"center center","background-size":"auto","background-attachment":"scroll","background-type":"","background-media":"","overlay-type":"","overlay-color":"","overlay-opacity":"","overlay-gradient":""},"mobile":{"background-color":"","background-image":"","background-repeat":"repeat","background-position":"center center","background-size":"auto","background-attachment":"scroll","background-type":"","background-media":"","overlay-type":"","overlay-color":"","overlay-opacity":"","overlay-gradient":""}},"ast-content-background-meta":{"desktop":{"background-color":"var(--ast-global-color-4)","background-image":"","background-repeat":"repeat","background-position":"center center","background-size":"auto","background-attachment":"scroll","background-type":"","background-media":"","overlay-type":"","overlay-color":"","overlay-opacity":"","overlay-gradient":""},"tablet":{"background-color":"var(--ast-global-color-4)","background-image":"","background-repeat":"repeat","background-position":"center center","background-size":"auto","background-attachment":"scroll","background-type":"","background-media":"","overlay-type":"","overlay-color":"","overlay-opacity":"","overlay-gradient":""},"mobile":{"background-color":"var(--ast-global-color-4)","background-image":"","background-repeat":"repeat","background-position":"center center","background-size":"auto","background-attachment":"scroll","background-type":"","background-media":"","overlay-type":"","overlay-color":"","overlay-opacity":"","overlay-gradient":""}},"footnotes":""},"class_list":["post-5412","page","type-page","status-publish","hentry"],"uagb_featured_image_src":{"full":false,"thumbnail":false,"medium":false,"medium_large":false,"large":false,"1536x1536":false,"2048x2048":false},"uagb_author_info":{"display_name":"admin_asemtur","author_link":"https:\/\/asemtur.com.co\/index.php\/author\/admin_asemtur\/"},"uagb_comment_info":0,"uagb_excerpt":"Inicio Asemtur Agremiadas Contribuir Integra San Fernando Site S.A.S. Superbuses Amco Unidades de gesti\u00f3n Representatividad y Desarrollo Regional Gesti\u00f3n Interinstitucional [&hellip;]","_links":{"self":[{"href":"https:\/\/asemtur.com.co\/index.php\/wp-json\/wp\/v2\/pages\/5412","targetHints":{"allow":["GET"]}}],"collection":[{"href":"https:\/\/asemtur.com.co\/index.php\/wp-json\/wp\/v2\/pages"}],"about":[{"href":"https:\/\/asemtur.com.co\/index.php\/wp-json\/wp\/v2\/types\/page"}],"author":[{"embeddable":true,"href":"https:\/\/asemtur.com.co\/index.php\/wp-json\/wp\/v2\/users\/1"}],"replies":[{"embeddable":true,"href":"https:\/\/asemtur.com.co\/index.php\/wp-json\/wp\/v2\/comments?post=5412"}],"version-history":[{"count":7,"href":"https:\/\/asemtur.com.co\/index.php\/wp-json\/wp\/v2\/pages\/5412\/revisions"}],"predecessor-version":[{"id":5452,"href":"https:\/\/asemtur.com.co\/index.php\/wp-json\/wp\/v2\/pages\/5412\/revisions\/5452"}],"up":[{"embeddable":true,"href":"https:\/\/asemtur.com.co\/index.php\/wp-json\/wp\/v2\/pages\/3108"}],"wp:attachment":[{"href":"https:\/\/asemtur.com.co\/index.php\/wp-json\/wp\/v2\/media?parent=5412"}],"curies":[{"name":"wp","href":"https:\/\/api.w.org\/{rel}","templated":true}]}}