{"id":5773,"date":"2026-04-28T17:41:24","date_gmt":"2026-04-28T22:41:24","guid":{"rendered":"https:\/\/asemtur.com.co\/?page_id=5773"},"modified":"2026-04-28T18:15:30","modified_gmt":"2026-04-28T23:15:30","slug":"ungir","status":"publish","type":"page","link":"https:\/\/asemtur.com.co\/index.php\/unidades-negocio\/ungir\/","title":{"rendered":"UNGIR"},"content":{"rendered":"\t\t<div data-elementor-type=\"wp-page\" data-elementor-id=\"5773\" class=\"elementor elementor-5773\">\n\t\t\t\t<div class=\"elementor-element elementor-element-478393c e-con-full e-flex e-con e-parent\" data-id=\"478393c\" data-element_type=\"container\" data-settings=\"{&quot;_ha_eqh_enable&quot;:false}\">\n\t\t<div class=\"elementor-element elementor-element-b88fffb e-con-full e-flex e-con e-child\" data-id=\"b88fffb\" data-element_type=\"container\" data-settings=\"{&quot;_ha_eqh_enable&quot;:false}\">\n\t\t<div class=\"elementor-element elementor-element-1a49abf e-con-full e-flex e-con e-child\" data-id=\"1a49abf\" data-element_type=\"container\" data-settings=\"{&quot;_ha_eqh_enable&quot;:false}\">\n\t\t\t\t<div class=\"elementor-element elementor-element-e678384 elementor-widget__width-initial e-transform e-transform elementor-widget elementor-widget-ha-navigation-menu happy-addon ha-navigation-menu\" data-id=\"e678384\" data-element_type=\"widget\" data-settings=\"{&quot;_transform_translateX_effect&quot;:{&quot;unit&quot;:&quot;px&quot;,&quot;size&quot;:45,&quot;sizes&quot;:[]},&quot;_transform_scaleX_effect&quot;:{&quot;unit&quot;:&quot;px&quot;,&quot;size&quot;:0.8,&quot;sizes&quot;:[]},&quot;_transform_translateY_effect&quot;:{&quot;unit&quot;:&quot;px&quot;,&quot;size&quot;:0,&quot;sizes&quot;:[]},&quot;_transform_translateX_effect_tablet&quot;:{&quot;unit&quot;:&quot;px&quot;,&quot;size&quot;:&quot;&quot;,&quot;sizes&quot;:[]},&quot;_transform_translateX_effect_mobile&quot;:{&quot;unit&quot;:&quot;px&quot;,&quot;size&quot;:&quot;&quot;,&quot;sizes&quot;:[]},&quot;_transform_translateY_effect_tablet&quot;:{&quot;unit&quot;:&quot;px&quot;,&quot;size&quot;:&quot;&quot;,&quot;sizes&quot;:[]},&quot;_transform_translateY_effect_mobile&quot;:{&quot;unit&quot;:&quot;px&quot;,&quot;size&quot;:&quot;&quot;,&quot;sizes&quot;:[]},&quot;_transform_scaleX_effect_tablet&quot;:{&quot;unit&quot;:&quot;px&quot;,&quot;size&quot;:&quot;&quot;,&quot;sizes&quot;:[]},&quot;_transform_scaleX_effect_mobile&quot;:{&quot;unit&quot;:&quot;px&quot;,&quot;size&quot;:&quot;&quot;,&quot;sizes&quot;:[]},&quot;_transform_scaleY_effect&quot;:{&quot;unit&quot;:&quot;px&quot;,&quot;size&quot;:&quot;&quot;,&quot;sizes&quot;:[]},&quot;_transform_scaleY_effect_tablet&quot;:{&quot;unit&quot;:&quot;px&quot;,&quot;size&quot;:&quot;&quot;,&quot;sizes&quot;:[]},&quot;_transform_scaleY_effect_mobile&quot;:{&quot;unit&quot;:&quot;px&quot;,&quot;size&quot;:&quot;&quot;,&quot;sizes&quot;:[]}}\" data-widget_type=\"ha-navigation-menu.default\">\n\t\t\t\t\t<nav class=\"ha-nav-menu ha-navigation-menu-wrapper\"><div class=\"menu-asemtur-container\">\t\t\t\t<div class=\"ha-nav-humberger-wrapper\">\n\t\t\t\t\t<span class=\"ha-menu-open-icon ha-menu-toggler\" data-humberger=\"open\"><i aria-hidden=\"true\" class=\"huge huge-menu-01\"><\/i><\/span>\n\t\t\t\t\t<span class=\"ha-menu-close-icon ha-menu-toggler hide-icon\" data-humberger=\"close\"><svg aria-hidden=\"true\" class=\"e-font-icon-svg e-far-window-close\" viewBox=\"0 0 512 512\" xmlns=\"http:\/\/www.w3.org\/2000\/svg\"><path d=\"M464 32H48C21.5 32 0 53.5 0 80v352c0 26.5 21.5 48 48 48h416c26.5 0 48-21.5 48-48V80c0-26.5-21.5-48-48-48zm0 394c0 3.3-2.7 6-6 6H54c-3.3 0-6-2.7-6-6V86c0-3.3 2.7-6 6-6h404c3.3 0 6 2.7 6 6v340zM356.5 194.6L295.1 256l61.4 61.4c4.6 4.6 4.6 12.1 0 16.8l-22.3 22.3c-4.6 4.6-12.1 4.6-16.8 0L256 295.1l-61.4 61.4c-4.6 4.6-12.1 4.6-16.8 0l-22.3-22.3c-4.6-4.6-4.6-12.1 0-16.8l61.4-61.4-61.4-61.4c-4.6-4.6-4.6-12.1 0-16.8l22.3-22.3c4.6-4.6 12.1-4.6 16.8 0l61.4 61.4 61.4-61.4c4.6-4.6 12.1-4.6 16.8 0l22.3 22.3c4.7 4.6 4.7 12.1 0 16.8z\"><\/path><\/svg><\/span>\n\t\t\t\t<\/div>\n\t\t\t<ul id=\"menu-asemtur\" class=\"menu\"><li id=\"menu-item-4178\" class=\"menu-item menu-item-type-post_type menu-item-object-page menu-item-home\"><a href=\"https:\/\/asemtur.com.co\/\" class=\"menu-link\"><span class=\"menu-item-title\">INICIO<\/span><\/a><\/li>\n<li id=\"menu-item-2188\" class=\"menu-item menu-item-type-post_type menu-item-object-page\"><a href=\"https:\/\/asemtur.com.co\/index.php\/asemtur-4\/\" class=\"menu-link\"><span class=\"menu-item-title\">ASEMTUR<\/span><\/a><\/li>\n<li id=\"menu-item-4333\" class=\"menu-item menu-item-type-post_type menu-item-object-page menu-item-has-children\"><a aria-expanded=\"false\" href=\"https:\/\/asemtur.com.co\/index.php\/agremiadas\/\" class=\"menu-link\"><span class=\"menu-item-title\">AGREMIADAS<\/span><\/a><span class=\"ha-submenu-indicator-wrap fas fa-angle-down\"><\/span>\n<ul class=\"sub-menu\">\n\t<li id=\"menu-item-5465\" class=\"menu-item menu-item-type-post_type menu-item-object-page\"><a href=\"https:\/\/asemtur.com.co\/index.php\/agremiadas\/attep\/\" class=\"menu-link\"><span class=\"menu-item-title\">ATTEP<\/span><\/a>\t<li id=\"menu-item-2463\" class=\"menu-item menu-item-type-post_type menu-item-object-page\"><a href=\"https:\/\/asemtur.com.co\/index.php\/agremiadas\/contribuir\/\" class=\"menu-link\"><span class=\"menu-item-title\">CONTRIBUIR<\/span><\/a>\t<li id=\"menu-item-2462\" class=\"menu-item menu-item-type-post_type menu-item-object-page\"><a href=\"https:\/\/asemtur.com.co\/index.php\/agremiadas\/integra\/\" class=\"menu-link\"><span class=\"menu-item-title\">INTEGRA<\/span><\/a>\t<li id=\"menu-item-5423\" class=\"menu-item menu-item-type-post_type menu-item-object-page\"><a href=\"https:\/\/asemtur.com.co\/index.php\/agremiadas\/san-fernando-2\/\" class=\"menu-link\"><span class=\"menu-item-title\">SAN FERNANDO<\/span><\/a>\t<li id=\"menu-item-2465\" class=\"menu-item menu-item-type-post_type menu-item-object-page\"><a href=\"https:\/\/asemtur.com.co\/index.php\/agremiadas\/site\/\" class=\"menu-link\"><span class=\"menu-item-title\">SITE S.A.S.<\/span><\/a>\t<li id=\"menu-item-2464\" class=\"menu-item menu-item-type-post_type menu-item-object-page\"><a href=\"https:\/\/asemtur.com.co\/index.php\/agremiadas\/superbuses\/\" class=\"menu-link\"><span class=\"menu-item-title\">SUPERBUSES<\/span><\/a><\/ul>\n<\/li>\n<li id=\"menu-item-2603\" class=\"menu-item menu-item-type-post_type menu-item-object-page\"><a href=\"https:\/\/asemtur.com.co\/index.php\/amco\/\" class=\"menu-link\"><span class=\"menu-item-title\">AMCO<\/span><\/a><\/li>\n<li id=\"menu-item-5400\" class=\"menu-item menu-item-type-custom menu-item-object-custom menu-item-home menu-item-has-children\"><a aria-expanded=\"false\" href=\"https:\/\/asemtur.com.co\/\" class=\"menu-link\"><span class=\"menu-item-title\">UNIDADES DE GESTION<\/span><\/a><span class=\"ha-submenu-indicator-wrap fas fa-angle-down\"><\/span>\n<ul class=\"sub-menu\">\n\t<li id=\"menu-item-5407\" class=\"menu-item menu-item-type-post_type menu-item-object-page\"><a target=\"_blank\" href=\"https:\/\/asemtur.com.co\/index.php\/representatividad-y-desarrollo-regional\/\" class=\"menu-link\"><span class=\"menu-item-title\">REPRESENTATIVIDAD Y DESARROLLO REGIONAL<\/span><\/a>\t<li id=\"menu-item-5406\" class=\"menu-item menu-item-type-post_type menu-item-object-page\"><a target=\"_blank\" href=\"https:\/\/asemtur.com.co\/index.php\/gestion-interinstitucional\/\" class=\"menu-link\"><span class=\"menu-item-title\">GESTION INTERINSTITUCIONAL<\/span><\/a>\t<li id=\"menu-item-5408\" class=\"menu-item menu-item-type-post_type menu-item-object-page\"><a target=\"_blank\" href=\"https:\/\/asemtur.com.co\/index.php\/sostenibilidad-2\/\" class=\"menu-link\"><span class=\"menu-item-title\">SOSTENIBILIDAD<\/span><\/a><\/ul>\n<\/li>\n<li id=\"menu-item-3505\" class=\"menu-item menu-item-type-post_type menu-item-object-page\"><a href=\"https:\/\/asemtur.com.co\/index.php\/inicio\/servicios\/\" class=\"menu-link\"><span class=\"menu-item-title\">SERVICIOS<\/span><\/a><\/li>\n<li id=\"menu-item-5401\" class=\"menu-item menu-item-type-custom menu-item-object-custom menu-item-home menu-item-has-children\"><a aria-expanded=\"false\" href=\"https:\/\/asemtur.com.co\/\" class=\"menu-link\"><span class=\"menu-item-title\">UNIDADES DE NEGOCIO<\/span><\/a><span class=\"ha-submenu-indicator-wrap fas fa-angle-down\"><\/span>\n<ul class=\"sub-menu\">\n\t<li id=\"menu-item-5410\" class=\"menu-item menu-item-type-custom menu-item-object-custom\"><a target=\"_blank\" href=\"https:\/\/asemtur.com.co\/wp-content\/uploads\/2026\/04\/PORTAFOLIO-PROBIDAD.pdf\" class=\"menu-link\"><span class=\"menu-item-title\">PROBIDAD<\/span><\/a>\t<li id=\"menu-item-5411\" class=\"menu-item menu-item-type-custom menu-item-object-custom\"><a target=\"_blank\" href=\"https:\/\/asemtur.com.co\/wp-content\/uploads\/2026\/04\/BROCHURE-TRANSPORTE-URBANO-Y-MASIVO.pdf\" class=\"menu-link\"><span class=\"menu-item-title\">PUBLICIDAD MOVIL<\/span><\/a>\t<li id=\"menu-item-5779\" class=\"menu-item menu-item-type-post_type menu-item-object-page\"><a href=\"https:\/\/asemtur.com.co\/index.php\/unidades-negocio\/ungir\/\" class=\"menu-link\"><span class=\"menu-item-title\">UNGIR<\/span><\/a><\/ul>\n<\/li>\n<\/ul><\/div><\/nav>\t\t\t\t<\/div>\n\t\t\t\t<\/div>\n\t\t<div class=\"elementor-element elementor-element-30fb0b3 e-con-full e-flex e-con e-child\" data-id=\"30fb0b3\" data-element_type=\"container\" data-settings=\"{&quot;_ha_eqh_enable&quot;:false}\">\n\t\t\t\t<div class=\"elementor-element elementor-element-b595fce elementor-align-right e-transform e-transform elementor-widget elementor-widget-button\" data-id=\"b595fce\" data-element_type=\"widget\" data-settings=\"{&quot;_transform_translateX_effect&quot;:{&quot;unit&quot;:&quot;px&quot;,&quot;size&quot;:10,&quot;sizes&quot;:[]},&quot;_transform_scale_effect&quot;:{&quot;unit&quot;:&quot;px&quot;,&quot;size&quot;:0.8,&quot;sizes&quot;:[]},&quot;_transform_translateX_effect_tablet&quot;:{&quot;unit&quot;:&quot;px&quot;,&quot;size&quot;:&quot;&quot;,&quot;sizes&quot;:[]},&quot;_transform_translateX_effect_mobile&quot;:{&quot;unit&quot;:&quot;px&quot;,&quot;size&quot;:&quot;&quot;,&quot;sizes&quot;:[]},&quot;_transform_translateY_effect&quot;:{&quot;unit&quot;:&quot;px&quot;,&quot;size&quot;:&quot;&quot;,&quot;sizes&quot;:[]},&quot;_transform_translateY_effect_tablet&quot;:{&quot;unit&quot;:&quot;px&quot;,&quot;size&quot;:&quot;&quot;,&quot;sizes&quot;:[]},&quot;_transform_translateY_effect_mobile&quot;:{&quot;unit&quot;:&quot;px&quot;,&quot;size&quot;:&quot;&quot;,&quot;sizes&quot;:[]},&quot;_transform_scale_effect_tablet&quot;:{&quot;unit&quot;:&quot;px&quot;,&quot;size&quot;:&quot;&quot;,&quot;sizes&quot;:[]},&quot;_transform_scale_effect_mobile&quot;:{&quot;unit&quot;:&quot;px&quot;,&quot;size&quot;:&quot;&quot;,&quot;sizes&quot;:[]}}\" data-widget_type=\"button.default\">\n\t\t\t\t\t\t\t\t\t\t<a class=\"elementor-button elementor-button-link elementor-size-sm\" href=\"https:\/\/asemtur.com.co\/\/tiquetes\/login.php\" target=\"_blank\">\n\t\t\t\t\t\t<span class=\"elementor-button-content-wrapper\">\n\t\t\t\t\t\t\t\t\t<span class=\"elementor-button-text\">\ud83c\udfab Sistema de Tiquetes<\/span>\n\t\t\t\t\t<\/span>\n\t\t\t\t\t<\/a>\n\t\t\t\t\t\t\t\t<\/div>\n\t\t\t\t<\/div>\n\t\t\t\t<\/div>\n\t\t\t\t<\/div>\n\t\t<div class=\"elementor-element elementor-element-46d5d98 e-flex e-con-boxed e-con e-parent\" data-id=\"46d5d98\" data-element_type=\"container\" data-settings=\"{&quot;_ha_eqh_enable&quot;:false}\">\n\t\t\t\t\t<div class=\"e-con-inner\">\n\t\t<div class=\"elementor-element elementor-element-25abeb9 e-con-full e-flex e-con e-child\" data-id=\"25abeb9\" data-element_type=\"container\" data-settings=\"{&quot;_ha_eqh_enable&quot;:false}\">\n\t\t\t\t<div class=\"elementor-element elementor-element-04013e9 elementor-widget elementor-widget-image\" data-id=\"04013e9\" data-element_type=\"widget\" data-widget_type=\"image.default\">\n\t\t\t\t\t\t\t\t\t\t\t\t\t\t\t<img decoding=\"async\" width=\"126\" height=\"107\" src=\"https:\/\/asemtur.com.co\/wp-content\/uploads\/2026\/04\/UNGIR.png\" class=\"attachment-large size-large wp-image-5786\" alt=\"\" \/>\t\t\t\t\t\t\t\t\t\t\t\t\t\t\t<\/div>\n\t\t\t\t<div class=\"elementor-element elementor-element-26176e6 elementor-widget elementor-widget-text-editor\" data-id=\"26176e6\" data-element_type=\"widget\" data-widget_type=\"text-editor.default\">\n\t\t\t\t\t\t\t\t\t<p><b>UNGIR<\/b> es nuestra Unidad de Gesti\u00f3n Integral de Residuos, dise\u00f1ada para fortalecer el desempe\u00f1o ambiental y la responsabilidad social de las organizaciones. A trav\u00e9s de un enfoque basado en la econom\u00eda circular y el cumplimiento normativo, coordinamos el manejo de residuos mediante pr\u00e1cticas sostenibles que generan valor agregado y aseguran una gesti\u00f3n responsable y eficiente.<\/p>\t\t\t\t\t\t\t\t<\/div>\n\t\t\t\t<div class=\"elementor-element elementor-element-1a2bdb6 elementor-widget elementor-widget-image\" data-id=\"1a2bdb6\" data-element_type=\"widget\" data-widget_type=\"image.default\">\n\t\t\t\t\t\t\t\t\t\t\t\t\t\t\t<img fetchpriority=\"high\" decoding=\"async\" width=\"960\" height=\"961\" src=\"https:\/\/asemtur.com.co\/wp-content\/uploads\/2026\/03\/WhatsApp-Image-2026-03-04-at-3.45.27-PM.jpeg\" class=\"attachment-large size-large wp-image-2909\" alt=\"\" srcset=\"https:\/\/asemtur.com.co\/wp-content\/uploads\/2026\/03\/WhatsApp-Image-2026-03-04-at-3.45.27-PM.jpeg 960w, https:\/\/asemtur.com.co\/wp-content\/uploads\/2026\/03\/WhatsApp-Image-2026-03-04-at-3.45.27-PM-300x300.jpeg 300w, https:\/\/asemtur.com.co\/wp-content\/uploads\/2026\/03\/WhatsApp-Image-2026-03-04-at-3.45.27-PM-150x150.jpeg 150w, https:\/\/asemtur.com.co\/wp-content\/uploads\/2026\/03\/WhatsApp-Image-2026-03-04-at-3.45.27-PM-768x769.jpeg 768w\" sizes=\"(max-width: 960px) 100vw, 960px\" \/>\t\t\t\t\t\t\t\t\t\t\t\t\t\t\t<\/div>\n\t\t\t\t<\/div>\n\t\t<div class=\"elementor-element elementor-element-46db20d e-con-full e-flex e-con e-child\" data-id=\"46db20d\" data-element_type=\"container\" data-settings=\"{&quot;_ha_eqh_enable&quot;:false}\">\n\t\t\t\t<div class=\"elementor-element elementor-element-4d548fa ha-image-grid--even elementor-widget elementor-widget-ha-image-grid happy-addon ha-image-grid\" data-id=\"4d548fa\" data-element_type=\"widget\" data-settings=\"{&quot;layout&quot;:&quot;even&quot;,&quot;enable_popup&quot;:&quot;yes&quot;}\" data-widget_type=\"ha-image-grid.default\">\n\t\t\t\t\t\n\t\t<div class=\"ha-image-grid__wrap hajs-isotope ha-lightbox--has\">\n\t\t\t\t\t\t\t\n\t\t\t\t<a href=\"#\" data-mfp-src=\"https:\/\/asemtur.com.co\/wp-content\/uploads\/2026\/03\/WhatsApp-Image-2026-03-04-at-3.37.25-PM.jpeg\" class=\"ha-image-grid__item ha-js-lightbox __fltr-1\">\n\t\t\t\t\t<img decoding=\"async\" width=\"300\" height=\"300\" src=\"https:\/\/asemtur.com.co\/wp-content\/uploads\/2026\/03\/WhatsApp-Image-2026-03-04-at-3.37.25-PM-300x300.jpeg\" class=\"elementor-animation-grow\" alt=\"\" srcset=\"https:\/\/asemtur.com.co\/wp-content\/uploads\/2026\/03\/WhatsApp-Image-2026-03-04-at-3.37.25-PM-300x300.jpeg 300w, https:\/\/asemtur.com.co\/wp-content\/uploads\/2026\/03\/WhatsApp-Image-2026-03-04-at-3.37.25-PM-150x150.jpeg 150w, https:\/\/asemtur.com.co\/wp-content\/uploads\/2026\/03\/WhatsApp-Image-2026-03-04-at-3.37.25-PM-768x769.jpeg 768w, https:\/\/asemtur.com.co\/wp-content\/uploads\/2026\/03\/WhatsApp-Image-2026-03-04-at-3.37.25-PM.jpeg 960w\" sizes=\"(max-width: 300px) 100vw, 300px\" \/>\t\t\t\t<\/a>\n\t\t\t\t\t\t\t\n\t\t\t\t<a href=\"#\" data-mfp-src=\"https:\/\/asemtur.com.co\/wp-content\/uploads\/2026\/03\/WhatsApp-Image-2026-03-04-at-3.35.24-PM.jpeg\" class=\"ha-image-grid__item ha-js-lightbox __fltr-1\">\n\t\t\t\t\t<img loading=\"lazy\" decoding=\"async\" width=\"300\" height=\"300\" src=\"https:\/\/asemtur.com.co\/wp-content\/uploads\/2026\/03\/WhatsApp-Image-2026-03-04-at-3.35.24-PM-300x300.jpeg\" class=\"elementor-animation-grow\" alt=\"\" srcset=\"https:\/\/asemtur.com.co\/wp-content\/uploads\/2026\/03\/WhatsApp-Image-2026-03-04-at-3.35.24-PM-300x300.jpeg 300w, https:\/\/asemtur.com.co\/wp-content\/uploads\/2026\/03\/WhatsApp-Image-2026-03-04-at-3.35.24-PM-150x150.jpeg 150w, https:\/\/asemtur.com.co\/wp-content\/uploads\/2026\/03\/WhatsApp-Image-2026-03-04-at-3.35.24-PM-768x769.jpeg 768w, https:\/\/asemtur.com.co\/wp-content\/uploads\/2026\/03\/WhatsApp-Image-2026-03-04-at-3.35.24-PM.jpeg 960w\" sizes=\"(max-width: 300px) 100vw, 300px\" \/>\t\t\t\t<\/a>\n\t\t\t\t\t\t\t\n\t\t\t\t<a href=\"#\" data-mfp-src=\"https:\/\/asemtur.com.co\/wp-content\/uploads\/2026\/03\/WhatsApp-Image-2026-03-04-at-3.45.27-PM.jpeg\" class=\"ha-image-grid__item ha-js-lightbox __fltr-1\">\n\t\t\t\t\t<img loading=\"lazy\" decoding=\"async\" width=\"300\" height=\"300\" src=\"https:\/\/asemtur.com.co\/wp-content\/uploads\/2026\/03\/WhatsApp-Image-2026-03-04-at-3.45.27-PM-300x300.jpeg\" class=\"elementor-animation-grow\" alt=\"\" srcset=\"https:\/\/asemtur.com.co\/wp-content\/uploads\/2026\/03\/WhatsApp-Image-2026-03-04-at-3.45.27-PM-300x300.jpeg 300w, https:\/\/asemtur.com.co\/wp-content\/uploads\/2026\/03\/WhatsApp-Image-2026-03-04-at-3.45.27-PM-150x150.jpeg 150w, https:\/\/asemtur.com.co\/wp-content\/uploads\/2026\/03\/WhatsApp-Image-2026-03-04-at-3.45.27-PM-768x769.jpeg 768w, https:\/\/asemtur.com.co\/wp-content\/uploads\/2026\/03\/WhatsApp-Image-2026-03-04-at-3.45.27-PM.jpeg 960w\" sizes=\"(max-width: 300px) 100vw, 300px\" \/>\t\t\t\t<\/a>\n\t\t\t\t\t<\/div>\n\n\t\t\t\t\t\t<\/div>\n\t\t\t\t<\/div>\n\t\t\t\t\t<\/div>\n\t\t\t\t<\/div>\n\t\t\t\t<\/div>\n\t\t","protected":false},"excerpt":{"rendered":"<p>INICIO ASEMTUR AGREMIADAS ATTEP CONTRIBUIR INTEGRA SAN FERNANDO SITE S.A.S. SUPERBUSES AMCO UNIDADES DE GESTION REPRESENTATIVIDAD Y DESARROLLO REGIONAL GESTION [&hellip;]<\/p>\n","protected":false},"author":1,"featured_media":0,"parent":3507,"menu_order":0,"comment_status":"closed","ping_status":"closed","template":"","meta":{"_uag_custom_page_level_css":"","site-sidebar-layout":"no-sidebar","site-content-layout":"","ast-site-content-layout":"full-width-container","site-content-style":"default","site-sidebar-style":"default","ast-global-header-display":"","ast-banner-title-visibility":"","ast-main-header-display":"","ast-hfb-above-header-display":"","ast-hfb-below-header-display":"","ast-hfb-mobile-header-display":"","site-post-title":"","ast-breadcrumbs-content":"","ast-featured-img":"disabled","footer-sml-layout":"","theme-transparent-header-meta":"","adv-header-id-meta":"","stick-header-meta":"","header-above-stick-meta":"","header-main-stick-meta":"","header-below-stick-meta":"","astra-migrate-meta-layouts":"default","ast-page-background-enabled":"default","ast-page-background-meta":{"desktop":{"background-color":"var(--ast-global-color-5)","background-image":"","background-repeat":"repeat","background-position":"center center","background-size":"auto","background-attachment":"scroll","background-type":"","background-media":"","overlay-type":"","overlay-color":"","overlay-opacity":"","overlay-gradient":""},"tablet":{"background-color":"","background-image":"","background-repeat":"repeat","background-position":"center center","background-size":"auto","background-attachment":"scroll","background-type":"","background-media":"","overlay-type":"","overlay-color":"","overlay-opacity":"","overlay-gradient":""},"mobile":{"background-color":"","background-image":"","background-repeat":"repeat","background-position":"center center","background-size":"auto","background-attachment":"scroll","background-type":"","background-media":"","overlay-type":"","overlay-color":"","overlay-opacity":"","overlay-gradient":""}},"ast-content-background-meta":{"desktop":{"background-color":"var(--ast-global-color-4)","background-image":"","background-repeat":"repeat","background-position":"center center","background-size":"auto","background-attachment":"scroll","background-type":"","background-media":"","overlay-type":"","overlay-color":"","overlay-opacity":"","overlay-gradient":""},"tablet":{"background-color":"var(--ast-global-color-4)","background-image":"","background-repeat":"repeat","background-position":"center center","background-size":"auto","background-attachment":"scroll","background-type":"","background-media":"","overlay-type":"","overlay-color":"","overlay-opacity":"","overlay-gradient":""},"mobile":{"background-color":"var(--ast-global-color-4)","background-image":"","background-repeat":"repeat","background-position":"center center","background-size":"auto","background-attachment":"scroll","background-type":"","background-media":"","overlay-type":"","overlay-color":"","overlay-opacity":"","overlay-gradient":""}},"footnotes":""},"class_list":["post-5773","page","type-page","status-publish","hentry"],"uagb_featured_image_src":{"full":false,"thumbnail":false,"medium":false,"medium_large":false,"large":false,"1536x1536":false,"2048x2048":false},"uagb_author_info":{"display_name":"admin_asemtur","author_link":"https:\/\/asemtur.com.co\/index.php\/author\/admin_asemtur\/"},"uagb_comment_info":0,"uagb_excerpt":"INICIO ASEMTUR AGREMIADAS ATTEP CONTRIBUIR INTEGRA SAN FERNANDO SITE S.A.S. SUPERBUSES AMCO UNIDADES DE GESTION REPRESENTATIVIDAD Y DESARROLLO REGIONAL GESTION [&hellip;]","_links":{"self":[{"href":"https:\/\/asemtur.com.co\/index.php\/wp-json\/wp\/v2\/pages\/5773","targetHints":{"allow":["GET"]}}],"collection":[{"href":"https:\/\/asemtur.com.co\/index.php\/wp-json\/wp\/v2\/pages"}],"about":[{"href":"https:\/\/asemtur.com.co\/index.php\/wp-json\/wp\/v2\/types\/page"}],"author":[{"embeddable":true,"href":"https:\/\/asemtur.com.co\/index.php\/wp-json\/wp\/v2\/users\/1"}],"replies":[{"embeddable":true,"href":"https:\/\/asemtur.com.co\/index.php\/wp-json\/wp\/v2\/comments?post=5773"}],"version-history":[{"count":52,"href":"https:\/\/asemtur.com.co\/index.php\/wp-json\/wp\/v2\/pages\/5773\/revisions"}],"predecessor-version":[{"id":5829,"href":"https:\/\/asemtur.com.co\/index.php\/wp-json\/wp\/v2\/pages\/5773\/revisions\/5829"}],"up":[{"embeddable":true,"href":"https:\/\/asemtur.com.co\/index.php\/wp-json\/wp\/v2\/pages\/3507"}],"wp:attachment":[{"href":"https:\/\/asemtur.com.co\/index.php\/wp-json\/wp\/v2\/media?parent=5773"}],"curies":[{"name":"wp","href":"https:\/\/api.w.org\/{rel}","templated":true}]}}