{"id":6472,"date":"2026-05-13T17:36:58","date_gmt":"2026-05-13T22:36:58","guid":{"rendered":"https:\/\/asemtur.com.co\/?page_id=6472"},"modified":"2026-05-13T19:42:39","modified_gmt":"2026-05-14T00:42:39","slug":"unidades-de-negocio","status":"publish","type":"page","link":"https:\/\/asemtur.com.co\/index.php\/inicio\/unidades-de-negocio\/","title":{"rendered":"UNIDADES DE NEGOCIO"},"content":{"rendered":"\t\t<div data-elementor-type=\"wp-page\" data-elementor-id=\"6472\" class=\"elementor elementor-6472\">\n\t\t\t\t<div class=\"elementor-element elementor-element-478393c e-con-full e-flex e-con e-parent\" data-id=\"478393c\" data-element_type=\"container\" data-settings=\"{&quot;_ha_eqh_enable&quot;:false}\">\n\t\t<div class=\"elementor-element elementor-element-49a3cf1 e-con-full e-flex e-con e-child\" data-id=\"49a3cf1\" data-element_type=\"container\" data-settings=\"{&quot;_ha_eqh_enable&quot;:false}\">\n\t\t<div class=\"elementor-element elementor-element-4b008d7 e-con-full e-flex e-con e-child\" data-id=\"4b008d7\" data-element_type=\"container\" data-settings=\"{&quot;_ha_eqh_enable&quot;:false}\">\n\t\t\t\t<div class=\"elementor-element elementor-element-b6bfdd6 elementor-widget__width-initial e-transform e-transform elementor-widget elementor-widget-ha-navigation-menu happy-addon ha-navigation-menu\" data-id=\"b6bfdd6\" data-element_type=\"widget\" data-settings=\"{&quot;_transform_translateX_effect&quot;:{&quot;unit&quot;:&quot;px&quot;,&quot;size&quot;:45,&quot;sizes&quot;:[]},&quot;_transform_scaleX_effect&quot;:{&quot;unit&quot;:&quot;px&quot;,&quot;size&quot;:0.8,&quot;sizes&quot;:[]},&quot;_transform_translateY_effect&quot;:{&quot;unit&quot;:&quot;px&quot;,&quot;size&quot;:0,&quot;sizes&quot;:[]},&quot;_transform_translateX_effect_tablet&quot;:{&quot;unit&quot;:&quot;px&quot;,&quot;size&quot;:&quot;&quot;,&quot;sizes&quot;:[]},&quot;_transform_translateX_effect_mobile&quot;:{&quot;unit&quot;:&quot;px&quot;,&quot;size&quot;:&quot;&quot;,&quot;sizes&quot;:[]},&quot;_transform_translateY_effect_tablet&quot;:{&quot;unit&quot;:&quot;px&quot;,&quot;size&quot;:&quot;&quot;,&quot;sizes&quot;:[]},&quot;_transform_translateY_effect_mobile&quot;:{&quot;unit&quot;:&quot;px&quot;,&quot;size&quot;:&quot;&quot;,&quot;sizes&quot;:[]},&quot;_transform_scaleX_effect_tablet&quot;:{&quot;unit&quot;:&quot;px&quot;,&quot;size&quot;:&quot;&quot;,&quot;sizes&quot;:[]},&quot;_transform_scaleX_effect_mobile&quot;:{&quot;unit&quot;:&quot;px&quot;,&quot;size&quot;:&quot;&quot;,&quot;sizes&quot;:[]},&quot;_transform_scaleY_effect&quot;:{&quot;unit&quot;:&quot;px&quot;,&quot;size&quot;:&quot;&quot;,&quot;sizes&quot;:[]},&quot;_transform_scaleY_effect_tablet&quot;:{&quot;unit&quot;:&quot;px&quot;,&quot;size&quot;:&quot;&quot;,&quot;sizes&quot;:[]},&quot;_transform_scaleY_effect_mobile&quot;:{&quot;unit&quot;:&quot;px&quot;,&quot;size&quot;:&quot;&quot;,&quot;sizes&quot;:[]}}\" data-widget_type=\"ha-navigation-menu.default\">\n\t\t\t\t\t<nav class=\"ha-nav-menu ha-navigation-menu-wrapper\"><div class=\"menu-asemtur-container\">\t\t\t\t<div class=\"ha-nav-humberger-wrapper\">\n\t\t\t\t\t<span class=\"ha-menu-open-icon ha-menu-toggler\" data-humberger=\"open\"><i aria-hidden=\"true\" class=\"huge huge-menu-01\"><\/i><\/span>\n\t\t\t\t\t<span class=\"ha-menu-close-icon ha-menu-toggler hide-icon\" data-humberger=\"close\"><svg aria-hidden=\"true\" class=\"e-font-icon-svg e-far-window-close\" viewBox=\"0 0 512 512\" xmlns=\"http:\/\/www.w3.org\/2000\/svg\"><path d=\"M464 32H48C21.5 32 0 53.5 0 80v352c0 26.5 21.5 48 48 48h416c26.5 0 48-21.5 48-48V80c0-26.5-21.5-48-48-48zm0 394c0 3.3-2.7 6-6 6H54c-3.3 0-6-2.7-6-6V86c0-3.3 2.7-6 6-6h404c3.3 0 6 2.7 6 6v340zM356.5 194.6L295.1 256l61.4 61.4c4.6 4.6 4.6 12.1 0 16.8l-22.3 22.3c-4.6 4.6-12.1 4.6-16.8 0L256 295.1l-61.4 61.4c-4.6 4.6-12.1 4.6-16.8 0l-22.3-22.3c-4.6-4.6-4.6-12.1 0-16.8l61.4-61.4-61.4-61.4c-4.6-4.6-4.6-12.1 0-16.8l22.3-22.3c4.6-4.6 12.1-4.6 16.8 0l61.4 61.4 61.4-61.4c4.6-4.6 12.1-4.6 16.8 0l22.3 22.3c4.7 4.6 4.7 12.1 0 16.8z\"><\/path><\/svg><\/span>\n\t\t\t\t<\/div>\n\t\t\t<ul id=\"menu-asemtur\" class=\"menu\"><li id=\"menu-item-4178\" class=\"menu-item menu-item-type-post_type menu-item-object-page menu-item-home\"><a href=\"https:\/\/asemtur.com.co\/\" class=\"menu-link\"><span class=\"menu-item-title\">INICIO<\/span><\/a><\/li>\n<li id=\"menu-item-2188\" class=\"menu-item menu-item-type-post_type menu-item-object-page\"><a href=\"https:\/\/asemtur.com.co\/index.php\/asemtur-4\/\" class=\"menu-link\"><span class=\"menu-item-title\">ASEMTUR<\/span><\/a><\/li>\n<li id=\"menu-item-4333\" class=\"menu-item menu-item-type-post_type menu-item-object-page menu-item-has-children\"><a aria-expanded=\"false\" href=\"https:\/\/asemtur.com.co\/index.php\/agremiadas\/\" class=\"menu-link\"><span class=\"menu-item-title\">AGREMIADAS<\/span><\/a><span class=\"ha-submenu-indicator-wrap fas fa-angle-down\"><\/span>\n<ul class=\"sub-menu\">\n\t<li id=\"menu-item-5465\" class=\"menu-item menu-item-type-post_type menu-item-object-page\"><a href=\"https:\/\/asemtur.com.co\/index.php\/agremiadas\/attep\/\" class=\"menu-link\"><span class=\"menu-item-title\">ATTEP<\/span><\/a>\t<li id=\"menu-item-2463\" class=\"menu-item menu-item-type-post_type menu-item-object-page\"><a href=\"https:\/\/asemtur.com.co\/index.php\/agremiadas\/contribuir\/\" class=\"menu-link\"><span class=\"menu-item-title\">CONTRIBUIR<\/span><\/a>\t<li id=\"menu-item-2462\" class=\"menu-item menu-item-type-post_type menu-item-object-page\"><a href=\"https:\/\/asemtur.com.co\/index.php\/agremiadas\/integra\/\" class=\"menu-link\"><span class=\"menu-item-title\">INTEGRA<\/span><\/a>\t<li id=\"menu-item-5423\" class=\"menu-item menu-item-type-post_type menu-item-object-page\"><a href=\"https:\/\/asemtur.com.co\/index.php\/agremiadas\/san-fernando-2\/\" class=\"menu-link\"><span class=\"menu-item-title\">SAN FERNANDO<\/span><\/a>\t<li id=\"menu-item-2465\" class=\"menu-item menu-item-type-post_type menu-item-object-page\"><a href=\"https:\/\/asemtur.com.co\/index.php\/agremiadas\/site\/\" class=\"menu-link\"><span class=\"menu-item-title\">SITE S.A.S.<\/span><\/a>\t<li id=\"menu-item-2464\" class=\"menu-item menu-item-type-post_type menu-item-object-page\"><a href=\"https:\/\/asemtur.com.co\/index.php\/agremiadas\/superbuses\/\" class=\"menu-link\"><span class=\"menu-item-title\">SUPERBUSES<\/span><\/a><\/ul>\n<\/li>\n<li id=\"menu-item-2603\" class=\"menu-item menu-item-type-post_type menu-item-object-page\"><a href=\"https:\/\/asemtur.com.co\/index.php\/amco\/\" class=\"menu-link\"><span class=\"menu-item-title\">AMCO<\/span><\/a><\/li>\n<li id=\"menu-item-5400\" class=\"menu-item menu-item-type-custom menu-item-object-custom menu-item-has-children\"><a aria-expanded=\"false\" class=\"menu-link\"><span class=\"menu-item-title\">UNIDADES DE GESTION<\/span><\/a><span class=\"ha-submenu-indicator-wrap fas fa-angle-down\"><\/span>\n<ul class=\"sub-menu\">\n\t<li id=\"menu-item-5407\" class=\"menu-item menu-item-type-post_type menu-item-object-page\"><a href=\"https:\/\/asemtur.com.co\/index.php\/representatividad-y-desarrollo-regional\/\" class=\"menu-link\"><span class=\"menu-item-title\">REPRESENTATIVIDAD Y DESARROLLO REGIONAL<\/span><\/a>\t<li id=\"menu-item-5406\" class=\"menu-item menu-item-type-post_type menu-item-object-page\"><a href=\"https:\/\/asemtur.com.co\/index.php\/gestion-interinstitucional\/\" class=\"menu-link\"><span class=\"menu-item-title\">GESTION INTERINSTITUCIONAL<\/span><\/a>\t<li id=\"menu-item-5408\" class=\"menu-item menu-item-type-post_type menu-item-object-page\"><a href=\"https:\/\/asemtur.com.co\/index.php\/inicio\/sostenibilidad-2\/\" class=\"menu-link\"><span class=\"menu-item-title\">SOSTENIBILIDAD<\/span><\/a><\/ul>\n<\/li>\n<li id=\"menu-item-3505\" class=\"menu-item menu-item-type-post_type menu-item-object-page\"><a href=\"https:\/\/asemtur.com.co\/index.php\/inicio\/servicios\/\" class=\"menu-link\"><span class=\"menu-item-title\">SERVICIOS<\/span><\/a><\/li>\n<li id=\"menu-item-5401\" class=\"menu-item menu-item-type-custom menu-item-object-custom menu-item-has-children\"><a aria-expanded=\"false\" class=\"menu-link\"><span class=\"menu-item-title\">UNIDADES DE NEGOCIO<\/span><\/a><span class=\"ha-submenu-indicator-wrap fas fa-angle-down\"><\/span>\n<ul class=\"sub-menu\">\n\t<li id=\"menu-item-5410\" class=\"menu-item menu-item-type-custom menu-item-object-custom\"><a target=\"_blank\" href=\"https:\/\/asemtur.com.co\/wp-content\/uploads\/2026\/04\/PORTAFOLIO-PROBIDAD.pdf\" class=\"menu-link\"><span class=\"menu-item-title\">PROBIDAD<\/span><\/a>\t<li id=\"menu-item-5411\" class=\"menu-item menu-item-type-custom menu-item-object-custom\"><a target=\"_blank\" href=\"https:\/\/asemtur.com.co\/wp-content\/uploads\/2026\/04\/BROCHURE-TRANSPORTE-URBANO-Y-MASIVO.pdf\" class=\"menu-link\"><span class=\"menu-item-title\">PUBLICIDAD MOVIL<\/span><\/a>\t<li id=\"menu-item-5779\" class=\"menu-item menu-item-type-post_type menu-item-object-page\"><a href=\"https:\/\/asemtur.com.co\/index.php\/inicio\/unidades-de-negocio\/ungir\/\" class=\"menu-link\"><span class=\"menu-item-title\">UNGIR<\/span><\/a><\/ul>\n<\/li>\n<\/ul><\/div><\/nav>\t\t\t\t<\/div>\n\t\t\t\t<\/div>\n\t\t<div class=\"elementor-element elementor-element-7a5947d e-con-full e-flex e-con e-child\" data-id=\"7a5947d\" data-element_type=\"container\" data-settings=\"{&quot;_ha_eqh_enable&quot;:false}\">\n\t\t\t\t<div class=\"elementor-element elementor-element-7844446 elementor-align-right e-transform e-transform elementor-widget elementor-widget-button\" data-id=\"7844446\" data-element_type=\"widget\" data-settings=\"{&quot;_transform_translateX_effect&quot;:{&quot;unit&quot;:&quot;px&quot;,&quot;size&quot;:10,&quot;sizes&quot;:[]},&quot;_transform_scale_effect&quot;:{&quot;unit&quot;:&quot;px&quot;,&quot;size&quot;:0.8,&quot;sizes&quot;:[]},&quot;_transform_translateX_effect_tablet&quot;:{&quot;unit&quot;:&quot;px&quot;,&quot;size&quot;:&quot;&quot;,&quot;sizes&quot;:[]},&quot;_transform_translateX_effect_mobile&quot;:{&quot;unit&quot;:&quot;px&quot;,&quot;size&quot;:&quot;&quot;,&quot;sizes&quot;:[]},&quot;_transform_translateY_effect&quot;:{&quot;unit&quot;:&quot;px&quot;,&quot;size&quot;:&quot;&quot;,&quot;sizes&quot;:[]},&quot;_transform_translateY_effect_tablet&quot;:{&quot;unit&quot;:&quot;px&quot;,&quot;size&quot;:&quot;&quot;,&quot;sizes&quot;:[]},&quot;_transform_translateY_effect_mobile&quot;:{&quot;unit&quot;:&quot;px&quot;,&quot;size&quot;:&quot;&quot;,&quot;sizes&quot;:[]},&quot;_transform_scale_effect_tablet&quot;:{&quot;unit&quot;:&quot;px&quot;,&quot;size&quot;:&quot;&quot;,&quot;sizes&quot;:[]},&quot;_transform_scale_effect_mobile&quot;:{&quot;unit&quot;:&quot;px&quot;,&quot;size&quot;:&quot;&quot;,&quot;sizes&quot;:[]}}\" data-widget_type=\"button.default\">\n\t\t\t\t\t\t\t\t\t\t<a class=\"elementor-button elementor-button-link elementor-size-sm\" href=\"https:\/\/asemtur.com.co\/\/tiquetes\/login.php\" target=\"_blank\">\n\t\t\t\t\t\t<span class=\"elementor-button-content-wrapper\">\n\t\t\t\t\t\t\t\t\t<span class=\"elementor-button-text\">\ud83c\udfab Sistema de Tiquetes<\/span>\n\t\t\t\t\t<\/span>\n\t\t\t\t\t<\/a>\n\t\t\t\t\t\t\t\t<\/div>\n\t\t\t\t<\/div>\n\t\t\t\t<\/div>\n\t\t\t\t<\/div>\n\t\t<div class=\"elementor-element elementor-element-19f5bf3 e-flex e-con-boxed e-con e-parent\" data-id=\"19f5bf3\" data-element_type=\"container\" data-settings=\"{&quot;_ha_eqh_enable&quot;:false}\">\n\t\t\t\t\t<div class=\"e-con-inner\">\n\t\t\t\t<div class=\"elementor-element elementor-element-8740dc0 elementor-widget elementor-widget-image\" data-id=\"8740dc0\" data-element_type=\"widget\" data-widget_type=\"image.default\">\n\t\t\t\t\t\t\t\t\t\t\t\t\t\t\t<img decoding=\"async\" width=\"150\" height=\"150\" src=\"https:\/\/asemtur.com.co\/wp-content\/uploads\/2026\/05\/business-model-150x150.png\" class=\"attachment-thumbnail size-thumbnail wp-image-6028\" alt=\"\" \/>\t\t\t\t\t\t\t\t\t\t\t\t\t\t\t<\/div>\n\t\t\t\t<div class=\"elementor-element elementor-element-7a20b84 elementor-widget elementor-widget-heading\" data-id=\"7a20b84\" data-element_type=\"widget\" data-widget_type=\"heading.default\">\n\t\t\t\t\t<h2 class=\"elementor-heading-title elementor-size-default\">Unidades de Negocio<\/h2>\t\t\t\t<\/div>\n\t\t<div class=\"elementor-element elementor-element-c12f63b e-con-full e-flex e-con e-child\" data-id=\"c12f63b\" data-element_type=\"container\" data-settings=\"{&quot;_ha_eqh_enable&quot;:false}\">\n\t\t<div class=\"elementor-element elementor-element-ab6812f e-con-full e-flex e-con e-child\" data-id=\"ab6812f\" data-element_type=\"container\" data-settings=\"{&quot;_ha_eqh_enable&quot;:false}\">\n\t\t<div class=\"elementor-element elementor-element-171e29b e-con-full e-flex e-con e-child\" data-id=\"171e29b\" data-element_type=\"container\" data-settings=\"{&quot;_ha_eqh_enable&quot;:false}\">\n\t\t<div class=\"elementor-element elementor-element-08a35b1 e-con-full e-flex e-con e-child\" data-id=\"08a35b1\" data-element_type=\"container\" data-settings=\"{&quot;_ha_eqh_enable&quot;:false}\">\n\t\t<div class=\"elementor-element elementor-element-0690b96 e-con-full e-flex e-con e-child\" data-id=\"0690b96\" data-element_type=\"container\" data-settings=\"{&quot;background_background&quot;:&quot;classic&quot;,&quot;_ha_eqh_enable&quot;:false}\">\n\t\t\t\t<div class=\"elementor-element elementor-element-7fabb4d elementor-widget elementor-widget-image\" data-id=\"7fabb4d\" data-element_type=\"widget\" data-widget_type=\"image.default\">\n\t\t\t\t\t\t\t\t\t\t\t\t\t\t\t<img fetchpriority=\"high\" decoding=\"async\" width=\"300\" height=\"300\" src=\"https:\/\/asemtur.com.co\/wp-content\/uploads\/2026\/03\/13Recurso-10-300x300.png\" class=\"attachment-medium size-medium wp-image-4374\" alt=\"\" srcset=\"https:\/\/asemtur.com.co\/wp-content\/uploads\/2026\/03\/13Recurso-10-300x300.png 300w, https:\/\/asemtur.com.co\/wp-content\/uploads\/2026\/03\/13Recurso-10-150x150.png 150w, https:\/\/asemtur.com.co\/wp-content\/uploads\/2026\/03\/13Recurso-10.png 522w\" sizes=\"(max-width: 300px) 100vw, 300px\" \/>\t\t\t\t\t\t\t\t\t\t\t\t\t\t\t<\/div>\n\t\t\t\t<\/div>\n\t\t<div class=\"elementor-element elementor-element-6708922 e-con-full e-flex e-con e-child\" data-id=\"6708922\" data-element_type=\"container\" data-settings=\"{&quot;_ha_eqh_enable&quot;:false}\">\n\t\t\t\t<div class=\"elementor-element elementor-element-8781973 elementor-widget elementor-widget-heading\" data-id=\"8781973\" data-element_type=\"widget\" data-widget_type=\"heading.default\">\n\t\t\t\t\t<h4 class=\"elementor-heading-title elementor-size-default\"><b>PROBIDAD<\/b><\/h4>\t\t\t\t<\/div>\n\t\t\t\t<div class=\"elementor-element elementor-element-9d0be78 elementor-widget elementor-widget-text-editor\" data-id=\"9d0be78\" data-element_type=\"widget\" data-widget_type=\"text-editor.default\">\n\t\t\t\t\t\t\t\t\t<p>Act\u00faa como aliado estrat\u00e9gico especializado en Seguridad y Salud en el Trabajo, Sistemas de Gesti\u00f3n y Talento Humano. A trav\u00e9s de un modelo colaborativo, su equipo de profesionales desarrolla estrategias de intervenci\u00f3n de alto impacto para organizaciones y ARLs.<\/p>\t\t\t\t\t\t\t\t<\/div>\n\t\t\t\t<div class=\"elementor-element elementor-element-4089269 elementor-align-center elementor-widget elementor-widget-button\" data-id=\"4089269\" data-element_type=\"widget\" data-widget_type=\"button.default\">\n\t\t\t\t\t\t\t\t\t\t<a class=\"elementor-button elementor-button-link elementor-size-sm\" href=\"https:\/\/asemtur.com.co\/wp-content\/uploads\/2026\/04\/PORTAFOLIO-PROBIDAD.pdf\">\n\t\t\t\t\t\t<span class=\"elementor-button-content-wrapper\">\n\t\t\t\t\t\t\t\t\t<span class=\"elementor-button-text\">Portafolio<\/span>\n\t\t\t\t\t<\/span>\n\t\t\t\t\t<\/a>\n\t\t\t\t\t\t\t\t<\/div>\n\t\t\t\t<\/div>\n\t\t\t\t<\/div>\n\t\t\t\t<\/div>\n\t\t\t\t<\/div>\n\t\t<div class=\"elementor-element elementor-element-bf323fd e-con-full e-flex e-con e-child\" data-id=\"bf323fd\" data-element_type=\"container\" data-settings=\"{&quot;_ha_eqh_enable&quot;:false}\">\n\t\t<div class=\"elementor-element elementor-element-3362ca3 e-con-full e-flex e-con e-child\" data-id=\"3362ca3\" data-element_type=\"container\" data-settings=\"{&quot;_ha_eqh_enable&quot;:false}\">\n\t\t<div class=\"elementor-element elementor-element-d8aeeac e-con-full e-flex e-con e-child\" data-id=\"d8aeeac\" data-element_type=\"container\" data-settings=\"{&quot;_ha_eqh_enable&quot;:false}\">\n\t\t<div class=\"elementor-element elementor-element-e05a928 e-con-full e-flex e-con e-child\" data-id=\"e05a928\" data-element_type=\"container\" data-settings=\"{&quot;background_background&quot;:&quot;classic&quot;,&quot;_ha_eqh_enable&quot;:false}\">\n\t\t\t\t<div class=\"elementor-element elementor-element-c750ae7 elementor-widget elementor-widget-image\" data-id=\"c750ae7\" data-element_type=\"widget\" data-widget_type=\"image.default\">\n\t\t\t\t\t\t\t\t\t\t\t\t\t\t\t<img decoding=\"async\" width=\"232\" height=\"254\" src=\"https:\/\/asemtur.com.co\/wp-content\/uploads\/2026\/05\/movilRecurso-2.png\" class=\"attachment-medium size-medium wp-image-6482\" alt=\"\" \/>\t\t\t\t\t\t\t\t\t\t\t\t\t\t\t<\/div>\n\t\t\t\t<\/div>\n\t\t<div class=\"elementor-element elementor-element-ac396a7 e-con-full e-flex e-con e-child\" data-id=\"ac396a7\" data-element_type=\"container\" data-settings=\"{&quot;_ha_eqh_enable&quot;:false}\">\n\t\t\t\t<div class=\"elementor-element elementor-element-502bdcd elementor-widget elementor-widget-heading\" data-id=\"502bdcd\" data-element_type=\"widget\" data-widget_type=\"heading.default\">\n\t\t\t\t\t<h4 class=\"elementor-heading-title elementor-size-default\"><b>PUBLICIDAD M\u00d3VIL<\/b><\/h4>\t\t\t\t<\/div>\n\t\t\t\t<div class=\"elementor-element elementor-element-83b7e4a elementor-widget elementor-widget-text-editor\" data-id=\"83b7e4a\" data-element_type=\"widget\" data-widget_type=\"text-editor.default\">\n\t\t\t\t\t\t\t\t\t<p>En alianza con SERVIRPLUS, ofrece soluciones innovadoras que transforman el parque automotor e infraestructura de transporte en potentes canales de comunicaci\u00f3n. Conectamos marcas con sus audiencias a trav\u00e9s de estrategias creativas que aprovechan la experiencia de viaje de los usuarios en el sistema de transporte p\u00fablico del AMCO, garantizando un alto impacto y visibilidad en movimiento.<\/p>\t\t\t\t\t\t\t\t<\/div>\n\t\t\t\t<div class=\"elementor-element elementor-element-ad2e042 elementor-align-center elementor-widget elementor-widget-button\" data-id=\"ad2e042\" data-element_type=\"widget\" data-widget_type=\"button.default\">\n\t\t\t\t\t\t\t\t\t\t<a class=\"elementor-button elementor-button-link elementor-size-sm\" href=\"https:\/\/asemtur.com.co\/wp-content\/uploads\/2026\/04\/BROCHURE-TRANSPORTE-URBANO-Y-MASIVO.pdf\">\n\t\t\t\t\t\t<span class=\"elementor-button-content-wrapper\">\n\t\t\t\t\t\t\t\t\t<span class=\"elementor-button-text\">Portafolio<\/span>\n\t\t\t\t\t<\/span>\n\t\t\t\t\t<\/a>\n\t\t\t\t\t\t\t\t<\/div>\n\t\t\t\t<\/div>\n\t\t\t\t<\/div>\n\t\t\t\t<\/div>\n\t\t\t\t<\/div>\n\t\t<div class=\"elementor-element elementor-element-2081c5f e-con-full e-flex e-con e-child\" data-id=\"2081c5f\" data-element_type=\"container\" data-settings=\"{&quot;_ha_eqh_enable&quot;:false}\">\n\t\t<div class=\"elementor-element elementor-element-080af24 e-con-full e-flex e-con e-child\" data-id=\"080af24\" data-element_type=\"container\" data-settings=\"{&quot;_ha_eqh_enable&quot;:false}\">\n\t\t<div class=\"elementor-element elementor-element-4065d52 e-con-full e-flex e-con e-child\" data-id=\"4065d52\" data-element_type=\"container\" data-settings=\"{&quot;_ha_eqh_enable&quot;:false}\">\n\t\t<div class=\"elementor-element elementor-element-1042474 e-con-full e-flex e-con e-child\" data-id=\"1042474\" data-element_type=\"container\" data-settings=\"{&quot;background_background&quot;:&quot;classic&quot;,&quot;_ha_eqh_enable&quot;:false}\">\n\t\t\t\t<div class=\"elementor-element elementor-element-2801358 elementor-widget elementor-widget-image\" data-id=\"2801358\" data-element_type=\"widget\" data-widget_type=\"image.default\">\n\t\t\t\t\t\t\t\t\t\t\t\t\t\t\t<img loading=\"lazy\" decoding=\"async\" width=\"284\" height=\"258\" src=\"https:\/\/asemtur.com.co\/wp-content\/uploads\/2026\/05\/UNGIRRecurso-2.png\" class=\"attachment-medium size-medium wp-image-6487\" alt=\"\" \/>\t\t\t\t\t\t\t\t\t\t\t\t\t\t\t<\/div>\n\t\t\t\t<\/div>\n\t\t<div class=\"elementor-element elementor-element-ceb2c67 e-con-full e-flex e-con e-child\" data-id=\"ceb2c67\" data-element_type=\"container\" data-settings=\"{&quot;_ha_eqh_enable&quot;:false}\">\n\t\t\t\t<div class=\"elementor-element elementor-element-5627416 elementor-widget elementor-widget-heading\" data-id=\"5627416\" data-element_type=\"widget\" data-widget_type=\"heading.default\">\n\t\t\t\t\t<h4 class=\"elementor-heading-title elementor-size-default\"><b>UNGIR<\/b><\/h4>\t\t\t\t<\/div>\n\t\t\t\t<div class=\"elementor-element elementor-element-01f2e31 elementor-widget elementor-widget-text-editor\" data-id=\"01f2e31\" data-element_type=\"widget\" data-widget_type=\"text-editor.default\">\n\t\t\t\t\t\t\t\t\t<p>Es nuestra Unidad de Gesti\u00f3n Integral de Residuos, dise\u00f1ada para fortalecer el desempe\u00f1o ambiental y la responsabilidad social de las organizaciones. A trav\u00e9s de un enfoque basado en la econom\u00eda circular y el cumplimiento normativo, coordinamos el manejo de residuos mediante pr\u00e1cticas sostenibles que generan valor agregado y aseguran una gesti\u00f3n responsable y eficiente.<\/p>\t\t\t\t\t\t\t\t<\/div>\n\t\t\t\t<div class=\"elementor-element elementor-element-8733f21 elementor-align-center elementor-widget elementor-widget-button\" data-id=\"8733f21\" data-element_type=\"widget\" data-widget_type=\"button.default\">\n\t\t\t\t\t\t\t\t\t\t<a class=\"elementor-button elementor-button-link elementor-size-sm\" href=\"https:\/\/asemtur.com.co\/index.php\/inicio\/unidades-de-negocio\/ungir\/\">\n\t\t\t\t\t\t<span class=\"elementor-button-content-wrapper\">\n\t\t\t\t\t\t\t\t\t<span class=\"elementor-button-text\">Conoce m\u00e1s<\/span>\n\t\t\t\t\t<\/span>\n\t\t\t\t\t<\/a>\n\t\t\t\t\t\t\t\t<\/div>\n\t\t\t\t<\/div>\n\t\t\t\t<\/div>\n\t\t\t\t<\/div>\n\t\t\t\t<\/div>\n\t\t\t\t<\/div>\n\t\t\t\t\t<\/div>\n\t\t\t\t<\/div>\n\t\t\t\t<\/div>\n\t\t","protected":false},"excerpt":{"rendered":"<p>INICIO ASEMTUR AGREMIADAS ATTEP CONTRIBUIR INTEGRA SAN FERNANDO SITE S.A.S. SUPERBUSES AMCO UNIDADES DE GESTION REPRESENTATIVIDAD Y DESARROLLO REGIONAL GESTION [&hellip;]<\/p>\n","protected":false},"author":1,"featured_media":0,"parent":3110,"menu_order":0,"comment_status":"closed","ping_status":"closed","template":"","meta":{"_uag_custom_page_level_css":"","site-sidebar-layout":"no-sidebar","site-content-layout":"","ast-site-content-layout":"full-width-container","site-content-style":"default","site-sidebar-style":"default","ast-global-header-display":"","ast-banner-title-visibility":"","ast-main-header-display":"","ast-hfb-above-header-display":"","ast-hfb-below-header-display":"","ast-hfb-mobile-header-display":"","site-post-title":"","ast-breadcrumbs-content":"","ast-featured-img":"disabled","footer-sml-layout":"","theme-transparent-header-meta":"","adv-header-id-meta":"","stick-header-meta":"","header-above-stick-meta":"","header-main-stick-meta":"","header-below-stick-meta":"","astra-migrate-meta-layouts":"default","ast-page-background-enabled":"default","ast-page-background-meta":{"desktop":{"background-color":"var(--ast-global-color-5)","background-image":"","background-repeat":"repeat","background-position":"center center","background-size":"auto","background-attachment":"scroll","background-type":"","background-media":"","overlay-type":"","overlay-color":"","overlay-opacity":"","overlay-gradient":""},"tablet":{"background-color":"","background-image":"","background-repeat":"repeat","background-position":"center center","background-size":"auto","background-attachment":"scroll","background-type":"","background-media":"","overlay-type":"","overlay-color":"","overlay-opacity":"","overlay-gradient":""},"mobile":{"background-color":"","background-image":"","background-repeat":"repeat","background-position":"center center","background-size":"auto","background-attachment":"scroll","background-type":"","background-media":"","overlay-type":"","overlay-color":"","overlay-opacity":"","overlay-gradient":""}},"ast-content-background-meta":{"desktop":{"background-color":"var(--ast-global-color-4)","background-image":"","background-repeat":"repeat","background-position":"center center","background-size":"auto","background-attachment":"scroll","background-type":"","background-media":"","overlay-type":"","overlay-color":"","overlay-opacity":"","overlay-gradient":""},"tablet":{"background-color":"var(--ast-global-color-4)","background-image":"","background-repeat":"repeat","background-position":"center center","background-size":"auto","background-attachment":"scroll","background-type":"","background-media":"","overlay-type":"","overlay-color":"","overlay-opacity":"","overlay-gradient":""},"mobile":{"background-color":"var(--ast-global-color-4)","background-image":"","background-repeat":"repeat","background-position":"center center","background-size":"auto","background-attachment":"scroll","background-type":"","background-media":"","overlay-type":"","overlay-color":"","overlay-opacity":"","overlay-gradient":""}},"footnotes":""},"class_list":["post-6472","page","type-page","status-publish","hentry"],"uagb_featured_image_src":{"full":false,"thumbnail":false,"medium":false,"medium_large":false,"large":false,"1536x1536":false,"2048x2048":false},"uagb_author_info":{"display_name":"admin_asemtur","author_link":"https:\/\/asemtur.com.co\/index.php\/author\/admin_asemtur\/"},"uagb_comment_info":0,"uagb_excerpt":"INICIO ASEMTUR AGREMIADAS ATTEP CONTRIBUIR INTEGRA SAN FERNANDO SITE S.A.S. SUPERBUSES AMCO UNIDADES DE GESTION REPRESENTATIVIDAD Y DESARROLLO REGIONAL GESTION [&hellip;]","_links":{"self":[{"href":"https:\/\/asemtur.com.co\/index.php\/wp-json\/wp\/v2\/pages\/6472","targetHints":{"allow":["GET"]}}],"collection":[{"href":"https:\/\/asemtur.com.co\/index.php\/wp-json\/wp\/v2\/pages"}],"about":[{"href":"https:\/\/asemtur.com.co\/index.php\/wp-json\/wp\/v2\/types\/page"}],"author":[{"embeddable":true,"href":"https:\/\/asemtur.com.co\/index.php\/wp-json\/wp\/v2\/users\/1"}],"replies":[{"embeddable":true,"href":"https:\/\/asemtur.com.co\/index.php\/wp-json\/wp\/v2\/comments?post=6472"}],"version-history":[{"count":67,"href":"https:\/\/asemtur.com.co\/index.php\/wp-json\/wp\/v2\/pages\/6472\/revisions"}],"predecessor-version":[{"id":6548,"href":"https:\/\/asemtur.com.co\/index.php\/wp-json\/wp\/v2\/pages\/6472\/revisions\/6548"}],"up":[{"embeddable":true,"href":"https:\/\/asemtur.com.co\/index.php\/wp-json\/wp\/v2\/pages\/3110"}],"wp:attachment":[{"href":"https:\/\/asemtur.com.co\/index.php\/wp-json\/wp\/v2\/media?parent=6472"}],"curies":[{"name":"wp","href":"https:\/\/api.w.org\/{rel}","templated":true}]}}